{"id":8502,"date":"2023-01-29T15:13:40","date_gmt":"2023-02-21T07:10:53","guid":{"rendered":"https:\/\/elasaro.com\/product\/collar-cuentas-cristal-de-roca-craquelado-redondo-varios-tamanos-plata-ley\/"},"modified":"2023-08-09T09:54:49","modified_gmt":"2023-08-09T09:54:49","slug":"collar-cuentas-cuarzo-crackle-electrochapado-redondo-claro-tallas-multiples-plata-ley","status":"publish","type":"product","link":"https:\/\/elasaro.com\/es\/producto\/collar-cuentas-cuarzo-crackle-electrochapado-redondo-claro-tallas-multiples-plata-ley\/","title":{"rendered":"Collar De Cuentas De Cuarzo Crackle Electrochapado Redondo Claro (Tallas M\u00faltiples) Con Plata De Ley"},"content":{"rendered":"<p>Descripci\u00f3n pr\u00f3ximamente<\/p>\n","protected":false},"excerpt":{"rendered":"<p>Descripci\u00f3n pr\u00f3ximamente<\/p>\n","protected":false},"featured_media":6885,"template":"","meta":{"rank_math_lock_modified_date":false},"product_cat":[106,256,355],"product_tag":[],"class_list":{"0":"post-8502","1":"product","2":"type-product","3":"status-publish","4":"has-post-thumbnail","6":"product_cat-collares-piedras-naturales","7":"product_cat-elasaro-favoritos","8":"product_cat-joyas-cristal-de-roca","10":"first","11":"instock","12":"shipping-taxable","13":"purchasable","14":"product-type-simple"},"_links":{"self":[{"href":"https:\/\/elasaro.com\/es\/wp-json\/wp\/v2\/product\/8502","targetHints":{"allow":["GET"]}}],"collection":[{"href":"https:\/\/elasaro.com\/es\/wp-json\/wp\/v2\/product"}],"about":[{"href":"https:\/\/elasaro.com\/es\/wp-json\/wp\/v2\/types\/product"}],"wp:featuredmedia":[{"embeddable":true,"href":"https:\/\/elasaro.com\/es\/wp-json\/wp\/v2\/media\/6885"}],"wp:attachment":[{"href":"https:\/\/elasaro.com\/es\/wp-json\/wp\/v2\/media?parent=8502"}],"wp:term":[{"taxonomy":"product_cat","embeddable":true,"href":"https:\/\/elasaro.com\/es\/wp-json\/wp\/v2\/product_cat?post=8502"},{"taxonomy":"product_tag","embeddable":true,"href":"https:\/\/elasaro.com\/es\/wp-json\/wp\/v2\/product_tag?post=8502"}],"curies":[{"name":"wp","href":"https:\/\/api.w.org\/{rel}","templated":true}]}}