{"id":8557,"date":"2023-01-21T18:16:17","date_gmt":"2023-02-21T07:21:31","guid":{"rendered":"https:\/\/elasaro.com\/product\/pastel-rose-round-faceted-rhodonite-dangle-drop-earrings-sterling-silver\/"},"modified":"2023-08-09T11:30:13","modified_gmt":"2023-08-09T11:30:13","slug":"pendientes-colgantes-rodonita-redonda-facetada-rosa-pastel-plata-ley","status":"publish","type":"product","link":"https:\/\/elasaro.com\/es\/producto\/pendientes-colgantes-rodonita-redonda-facetada-rosa-pastel-plata-ley\/","title":{"rendered":"Pendientes Colgantes De Rodonita Redonda Facetada Rosa Pastel Con Plata De Ley"},"content":{"rendered":"<p>Nos encanta nuestro dise\u00f1o de pendientes colgantes y gota de 3 niveles y queda genial con las rodonitas. Estos pendientes est\u00e1n ensamblados con plata de ley y llevan un juego de 3 piedras redondas facetadas de rodonita. Miden 48x6cm pero s\u00f3lo pesan 3,2gr y son muy c\u00f3modos de llevar. Hemos optado por el cierre trasero de palanca para garantizar que siempre permanezcan en su sitio.<\/p>\n<p>El bonito color rosa pastel de las piedras hace que estos pendientes destaquen y se conviertan r\u00e1pidamente en un tema de conversaci\u00f3n. A\u00f1ade un toque de color y feminidad a cualquier atuendo, y puedes llevarlo tanto en ocasiones informales como en eventos especiales. Son elegantes sin ser exagerados.<\/p>\n<p>La rodonita se asocia con la compasi\u00f3n y el perd\u00f3n, lo que la convierte en una de las mejores gemas para curar heridas emocionales. Llevar esta joya es una forma estupenda de aprovechar estos poderes curativos emocionales sin dejar de tener un aspecto fabuloso.<\/p>\n<p>Es hora de darse un capricho. Completa el conjunto con un collar y una pulsera de rodonita.<\/p>\n","protected":false},"excerpt":{"rendered":"<p>Nos encanta nuestro dise\u00f1o de pendientes colgantes y gota de 3 niveles y queda genial con las rodonitas. Estos pendientes est\u00e1n ensamblados con plata de ley y llevan un juego de 3 piedras redondas facetadas de rodonita. Miden 48x6cm pero s\u00f3lo pesan 3,2gr y son muy c\u00f3modos de llevar. Hemos optado por el cierre trasero&#8230;<\/p>\n","protected":false},"featured_media":12012,"template":"","meta":{"rank_math_lock_modified_date":false},"product_cat":[256,240,102],"product_tag":[],"class_list":{"0":"post-8557","1":"product","2":"type-product","3":"status-publish","4":"has-post-thumbnail","6":"product_cat-elasaro-favoritos","7":"product_cat-joyas-rodonita","8":"product_cat-pendientes-piedra-natural","10":"first","11":"instock","12":"shipping-taxable","13":"purchasable","14":"product-type-simple"},"_links":{"self":[{"href":"https:\/\/elasaro.com\/es\/wp-json\/wp\/v2\/product\/8557","targetHints":{"allow":["GET"]}}],"collection":[{"href":"https:\/\/elasaro.com\/es\/wp-json\/wp\/v2\/product"}],"about":[{"href":"https:\/\/elasaro.com\/es\/wp-json\/wp\/v2\/types\/product"}],"wp:featuredmedia":[{"embeddable":true,"href":"https:\/\/elasaro.com\/es\/wp-json\/wp\/v2\/media\/12012"}],"wp:attachment":[{"href":"https:\/\/elasaro.com\/es\/wp-json\/wp\/v2\/media?parent=8557"}],"wp:term":[{"taxonomy":"product_cat","embeddable":true,"href":"https:\/\/elasaro.com\/es\/wp-json\/wp\/v2\/product_cat?post=8557"},{"taxonomy":"product_tag","embeddable":true,"href":"https:\/\/elasaro.com\/es\/wp-json\/wp\/v2\/product_tag?post=8557"}],"curies":[{"name":"wp","href":"https:\/\/api.w.org\/{rel}","templated":true}]}}