{"id":8560,"date":"2023-01-21T14:41:38","date_gmt":"2023-02-21T07:22:16","guid":{"rendered":"https:\/\/elasaro.com\/product\/pastel-rose-round-faceted-rhodonite-sterling-silver-stardust-beads-bracelet\/"},"modified":"2023-08-09T11:33:06","modified_gmt":"2023-08-09T11:33:06","slug":"pulsera-cuentas-rodonita-redonda-facetada-rosa-pastel-plata-ley","status":"publish","type":"product","link":"https:\/\/elasaro.com\/es\/producto\/pulsera-cuentas-rodonita-redonda-facetada-rosa-pastel-plata-ley\/","title":{"rendered":"Pulsera De Cuentas De Rodonita Redonda Facetada Rosa Pastel Con Plata De Ley"},"content":{"rendered":"<p>Esta bonita pulsera est\u00e1 hecha con piedras de rodonita rosa pastel, a las que hemos a\u00f1adido cuentas de polvo de estrellas y tapones de cuentas de plata de ley. Presenta piedras de rodonita redondas facetadas de 6 mm, con una de 8 mm en el punto focal de la pulsera rodeada de cuentas de plata redondas de 5 mm. La pulsera mide 15,5 cm de largo y puede ajustarse con su cadena extensible de 4 cm para encontrar el ajuste perfecto. S\u00f3lo pesa 9,43gr, y el cierre de langosta lo mantendr\u00e1 bien sujeto en su sitio.<\/p>\n<p>A\u00f1ade un toque de feminidad y elegancia con esta impresionante pulsera de rodonita. Sus delicados tonos pastel quedan bien con cualquier conjunto, y las cuentas plateadas en forma de polvo de estrellas aportan un toque de inspiraci\u00f3n vintage. Es el tipo de joya que a\u00f1ade brillo al look general.<\/p>\n<p>Se dice que la rodonita es una piedra de amor y compasi\u00f3n, que aporta equilibrio y curaci\u00f3n emocional. Se cree que nos ayuda a abrir el coraz\u00f3n y a conectar emocionalmente con los dem\u00e1s, lo que la convierte en una poderosa aliada para las relaciones con nosotros mismos y con nuestros seres queridos.<\/p>\n<p>Te encantar\u00e1 esta pulsera. Tambi\u00e9n puede completarlo con un collar y un par de pendientes de nuestra colecci\u00f3n de rodonitas.<\/p>\n","protected":false},"excerpt":{"rendered":"<p>Esta bonita pulsera est\u00e1 hecha con piedras de rodonita rosa pastel, a las que hemos a\u00f1adido cuentas de polvo de estrellas y tapones de cuentas de plata de ley. Presenta piedras de rodonita redondas facetadas de 6 mm, con una de 8 mm en el punto focal de la pulsera rodeada de cuentas de plata&#8230;<\/p>\n","protected":false},"featured_media":6001,"template":"","meta":{"rank_math_lock_modified_date":false},"product_cat":[256,240,98],"product_tag":[],"class_list":{"0":"post-8560","1":"product","2":"type-product","3":"status-publish","4":"has-post-thumbnail","6":"product_cat-elasaro-favoritos","7":"product_cat-joyas-rodonita","8":"product_cat-pulsera-piedra-natural","10":"first","11":"instock","12":"shipping-taxable","13":"purchasable","14":"product-type-simple"},"_links":{"self":[{"href":"https:\/\/elasaro.com\/es\/wp-json\/wp\/v2\/product\/8560","targetHints":{"allow":["GET"]}}],"collection":[{"href":"https:\/\/elasaro.com\/es\/wp-json\/wp\/v2\/product"}],"about":[{"href":"https:\/\/elasaro.com\/es\/wp-json\/wp\/v2\/types\/product"}],"wp:featuredmedia":[{"embeddable":true,"href":"https:\/\/elasaro.com\/es\/wp-json\/wp\/v2\/media\/6001"}],"wp:attachment":[{"href":"https:\/\/elasaro.com\/es\/wp-json\/wp\/v2\/media?parent=8560"}],"wp:term":[{"taxonomy":"product_cat","embeddable":true,"href":"https:\/\/elasaro.com\/es\/wp-json\/wp\/v2\/product_cat?post=8560"},{"taxonomy":"product_tag","embeddable":true,"href":"https:\/\/elasaro.com\/es\/wp-json\/wp\/v2\/product_tag?post=8560"}],"curies":[{"name":"wp","href":"https:\/\/api.w.org\/{rel}","templated":true}]}}