{"id":8561,"date":"2023-01-10T00:41:33","date_gmt":"2023-02-21T07:22:49","guid":{"rendered":"https:\/\/elasaro.com\/product\/collar-rose-round-faceted-rhodonite-lariat-sterling-silver-stardust-beads-necklace\/"},"modified":"2023-08-09T11:35:20","modified_gmt":"2023-08-09T11:35:20","slug":"rosa-pastel-ronda-facetado-rodonita-lariat-collar-plata-ley","status":"publish","type":"product","link":"https:\/\/elasaro.com\/es\/producto\/rosa-pastel-ronda-facetado-rodonita-lariat-collar-plata-ley\/","title":{"rendered":"Rosa Pastel Ronda Facetado Rodonita Lariat Collar Con Plata De Ley"},"content":{"rendered":"<p>Hemos montado este hermoso collar de rodonita en el estilo Lariat. Lleva piedras redondas facetadas de rodonita de 6 mm. Hemos a\u00f1adido cuentas de polvo de estrellas de plata de ley de 5 mm y eslabones de cadena en la parte del colgante para darle un toque m\u00e1s exclusivo. El collar mide 47 cm de largo con una cadena adicional ajustable de 4 cm. En cuanto al colgante, su longitud es de 8 cm. Pesa 29,78 gr y tiene un cierre de langosta que lo mantendr\u00e1 firmemente en su sitio.<\/p>\n<p>Las piedras de rodonita rosa pastel son muy femeninas por s\u00ed mismas. Con la combinaci\u00f3n del moderno dise\u00f1o del collar en Y, las piedras de rodonita y las brillantes cuentas de plata en forma de polvo de estrellas, obtenemos un collar llamativo e impactante. Su elegancia y sencillez lo hacen compatible con diferentes estilos y colores.<\/p>\n<p>Se dice que la rodonita aporta equilibrio emocional. Fomenta la fuerza mental y protege contra la energ\u00eda negativa.<\/p>\n<p>Toda mujer necesita un collar lariat en su joyero, y esta pieza es una gran elecci\u00f3n. Tambi\u00e9n puedes completar el look con una pulsera de rodonita o un par de pendientes de Elasaro.<\/p>\n","protected":false},"excerpt":{"rendered":"<p>Hemos montado este hermoso collar de rodonita en el estilo Lariat. Lleva piedras redondas facetadas de rodonita de 6 mm. Hemos a\u00f1adido cuentas de polvo de estrellas de plata de ley de 5 mm y eslabones de cadena en la parte del colgante para darle un toque m\u00e1s exclusivo. El collar mide 47 cm de&#8230;<\/p>\n","protected":false},"featured_media":5647,"template":"","meta":{"rank_math_lock_modified_date":false},"product_cat":[106,256,240],"product_tag":[],"class_list":{"0":"post-8561","1":"product","2":"type-product","3":"status-publish","4":"has-post-thumbnail","6":"product_cat-collares-piedras-naturales","7":"product_cat-elasaro-favoritos","8":"product_cat-joyas-rodonita","10":"first","11":"instock","12":"shipping-taxable","13":"purchasable","14":"product-type-simple"},"_links":{"self":[{"href":"https:\/\/elasaro.com\/es\/wp-json\/wp\/v2\/product\/8561","targetHints":{"allow":["GET"]}}],"collection":[{"href":"https:\/\/elasaro.com\/es\/wp-json\/wp\/v2\/product"}],"about":[{"href":"https:\/\/elasaro.com\/es\/wp-json\/wp\/v2\/types\/product"}],"wp:featuredmedia":[{"embeddable":true,"href":"https:\/\/elasaro.com\/es\/wp-json\/wp\/v2\/media\/5647"}],"wp:attachment":[{"href":"https:\/\/elasaro.com\/es\/wp-json\/wp\/v2\/media?parent=8561"}],"wp:term":[{"taxonomy":"product_cat","embeddable":true,"href":"https:\/\/elasaro.com\/es\/wp-json\/wp\/v2\/product_cat?post=8561"},{"taxonomy":"product_tag","embeddable":true,"href":"https:\/\/elasaro.com\/es\/wp-json\/wp\/v2\/product_tag?post=8561"}],"curies":[{"name":"wp","href":"https:\/\/api.w.org\/{rel}","templated":true}]}}