{"id":8587,"date":"2023-01-09T19:08:47","date_gmt":"2023-02-21T07:23:40","guid":{"rendered":"https:\/\/elasaro.com\/product\/brazalete-azul-grande-pequeno-turquesa-plata-de-ley\/"},"modified":"2023-08-09T11:45:48","modified_gmt":"2023-08-09T11:45:48","slug":"pulsera-cuentas-turquesa-azul-redonda-tallas-multiples-plata-ley","status":"publish","type":"product","link":"https:\/\/elasaro.com\/es\/producto\/pulsera-cuentas-turquesa-azul-redonda-tallas-multiples-plata-ley\/","title":{"rendered":"Pulsera De Cuentas De Turquesa Azul Redonda (Tallas M\u00faltiples) Con Plata De Ley"},"content":{"rendered":"<p>Esta pulsera de cuentas de turquesa es una pieza cl\u00e1sica de joyer\u00eda y presenta una variedad de piedras redondas de turquesa azul en tama\u00f1os redondos de 6, 8 y 10 mm. Mide 16,5 cm de largo con una cadena de plata de ley ajustable adicional de 4 cm y cierre de mosquet\u00f3n. La cadena ajustable te permite hacer que se adapte perfectamente a tu mu\u00f1eca. La pulsera pesa 12,7gr.<\/p>\n<p>Puedes llevarlo para eventos especiales junto con colores oscuros o claros. Causar\u00e1s sensaci\u00f3n y atraer\u00e1s muchas miradas. Tambi\u00e9n quedar\u00eda muy bien en ocasiones informales con vestidos de verano, chaquetas vaqueras o vaqueros, u otros conjuntos sencillos y relajados. Optar por joyas de turquesa es siempre una buena elecci\u00f3n.<\/p>\n<p>La turquesa es uno de los piedram\u00e1s utilizados en joyer\u00eda y trae suerte y protecci\u00f3n a quien la lleva. El color azul de la piedra tambi\u00e9n se asocia con la comunicaci\u00f3n y la autoexpresi\u00f3n. Su aspecto es impresionante, tiene muchas propiedades curativas y no puede faltar en ning\u00fan joyero.<\/p>\n<p>No esperes m\u00e1s, \u00a1consigue ya tu pulsera! Tambi\u00e9n puedes completar el look con un collar de turquesas, un par de pendientes y un anillo de nuestra colecci\u00f3n de turquesas.<\/p>\n","protected":false},"excerpt":{"rendered":"<p>Esta pulsera de cuentas de turquesa es una pieza cl\u00e1sica de joyer\u00eda y presenta una variedad de piedras redondas de turquesa azul en tama\u00f1os redondos de 6, 8 y 10 mm. Mide 16,5 cm de largo con una cadena de plata de ley ajustable adicional de 4 cm y cierre de mosquet\u00f3n. La cadena ajustable&#8230;<\/p>\n","protected":false},"featured_media":5589,"template":"","meta":{"rank_math_lock_modified_date":false},"product_cat":[235,98],"product_tag":[],"class_list":{"0":"post-8587","1":"product","2":"type-product","3":"status-publish","4":"has-post-thumbnail","6":"product_cat-joyas-turquesa","7":"product_cat-pulsera-piedra-natural","9":"first","10":"outofstock","11":"shipping-taxable","12":"purchasable","13":"product-type-simple"},"_links":{"self":[{"href":"https:\/\/elasaro.com\/es\/wp-json\/wp\/v2\/product\/8587","targetHints":{"allow":["GET"]}}],"collection":[{"href":"https:\/\/elasaro.com\/es\/wp-json\/wp\/v2\/product"}],"about":[{"href":"https:\/\/elasaro.com\/es\/wp-json\/wp\/v2\/types\/product"}],"wp:featuredmedia":[{"embeddable":true,"href":"https:\/\/elasaro.com\/es\/wp-json\/wp\/v2\/media\/5589"}],"wp:attachment":[{"href":"https:\/\/elasaro.com\/es\/wp-json\/wp\/v2\/media?parent=8587"}],"wp:term":[{"taxonomy":"product_cat","embeddable":true,"href":"https:\/\/elasaro.com\/es\/wp-json\/wp\/v2\/product_cat?post=8587"},{"taxonomy":"product_tag","embeddable":true,"href":"https:\/\/elasaro.com\/es\/wp-json\/wp\/v2\/product_tag?post=8587"}],"curies":[{"name":"wp","href":"https:\/\/api.w.org\/{rel}","templated":true}]}}