{"id":8589,"date":"2023-01-09T01:23:21","date_gmt":"2023-02-21T07:24:19","guid":{"rendered":"https:\/\/elasaro.com\/product\/collar-azul-redondo-grande-pequeno-turquesa-plata-esterlina\/"},"modified":"2023-08-09T11:48:14","modified_gmt":"2023-08-09T11:48:14","slug":"collar-cuentas-turquesa-azul-redonda-plata-ley","status":"publish","type":"product","link":"https:\/\/elasaro.com\/es\/producto\/collar-cuentas-turquesa-azul-redonda-plata-ley\/","title":{"rendered":"Collar De Cuentas De Turquesa Azul Redonda (Tallas M\u00faltiples) Con Plata De Ley"},"content":{"rendered":"<p>Este precioso collar de turquesa azul nunca pasa desapercibido. Presenta piedras redondas de turquesa de 4, 6, 8 y 10 mm que le confieren un estilo atemporal. Engarzado en plata, el collar pesa 31 gramos y mide 45 cm de largo, con una cadena adicional ajustable de 4 cm. El cierre de langosta garantiza que el collar se mantenga siempre en su sitio.<\/p>\n<p>Un collar de cuentas turquesa ser\u00eda un accesorio perfecto para a\u00f1adir un toque de color a cualquier conjunto. La combinaci\u00f3n de las piedras de turquesa azul y la plata de ley le dan un aspecto bohemio \u00fanico que ser\u00eda ideal tanto para ocasiones informales como elegantes. Este collar es un im\u00e1n para los cumplidos.<\/p>\n<p>La turquesa es una piedra que se ha utilizado durante siglos en joyer\u00eda y otros art\u00edculos decorativos. Se le atribuyen propiedades curativas y se cree que trae buena suerte y protecci\u00f3n a quien lo lleva. Tambi\u00e9n se dice que aporta valor y fuerza, por lo que es la pieza ideal para cualquiera que necesite un impulso de confianza.<\/p>\n<p>Est\u00e1s a un paso de lucir esta hermosa joya en tu cuello. Tambi\u00e9n puedes completar el look con una pulsera de turquesas, un par de pendientes y un anillo de nuestra colecci\u00f3n.<\/p>\n","protected":false},"excerpt":{"rendered":"<p>Este precioso collar de turquesa azul nunca pasa desapercibido. Presenta piedras redondas de turquesa de 4, 6, 8 y 10 mm que le confieren un estilo atemporal. Engarzado en plata, el collar pesa 31 gramos y mide 45 cm de largo, con una cadena adicional ajustable de 4 cm. El cierre de langosta garantiza que&#8230;<\/p>\n","protected":false},"featured_media":5558,"template":"","meta":{"rank_math_lock_modified_date":false},"product_cat":[106,256,235],"product_tag":[],"class_list":{"0":"post-8589","1":"product","2":"type-product","3":"status-publish","4":"has-post-thumbnail","6":"product_cat-collares-piedras-naturales","7":"product_cat-elasaro-favoritos","8":"product_cat-joyas-turquesa","10":"first","11":"outofstock","12":"shipping-taxable","13":"purchasable","14":"product-type-simple"},"_links":{"self":[{"href":"https:\/\/elasaro.com\/es\/wp-json\/wp\/v2\/product\/8589","targetHints":{"allow":["GET"]}}],"collection":[{"href":"https:\/\/elasaro.com\/es\/wp-json\/wp\/v2\/product"}],"about":[{"href":"https:\/\/elasaro.com\/es\/wp-json\/wp\/v2\/types\/product"}],"wp:featuredmedia":[{"embeddable":true,"href":"https:\/\/elasaro.com\/es\/wp-json\/wp\/v2\/media\/5558"}],"wp:attachment":[{"href":"https:\/\/elasaro.com\/es\/wp-json\/wp\/v2\/media?parent=8589"}],"wp:term":[{"taxonomy":"product_cat","embeddable":true,"href":"https:\/\/elasaro.com\/es\/wp-json\/wp\/v2\/product_cat?post=8589"},{"taxonomy":"product_tag","embeddable":true,"href":"https:\/\/elasaro.com\/es\/wp-json\/wp\/v2\/product_tag?post=8589"}],"curies":[{"name":"wp","href":"https:\/\/api.w.org\/{rel}","templated":true}]}}