{"id":8591,"date":"2023-01-08T23:51:06","date_gmt":"2023-02-21T07:25:10","guid":{"rendered":"https:\/\/elasaro.com\/product\/aros-de-aro-turquesa-tacon-redondo-tacon-facetado-plata-de-ley\/"},"modified":"2023-08-09T11:50:48","modified_gmt":"2023-08-09T11:50:48","slug":"pendientes-dangle-hoop-turquesa-azul-redondo-lagrima-facetada-plata-ley","status":"publish","type":"product","link":"https:\/\/elasaro.com\/es\/producto\/pendientes-dangle-hoop-turquesa-azul-redondo-lagrima-facetada-plata-ley\/","title":{"rendered":"Pendientes Dangle Hoop De Turquesa Azul Redondo Y L\u00e1grima Facetada Con Plata De Ley"},"content":{"rendered":"<p>Estos pendientes de aro de turquesa son un complemento impresionante para cualquier colecci\u00f3n de joyas. Los pendientes llevan piedras de turquesa redondas de 4 mm y l\u00e1grima de 6&#215;10 mm engastadas en plata de ley. El cierre de palanca asegura que los pendientes permanezcan en su sitio, mientras que el colgante a\u00f1ade un toque de movimiento al conjunto. Cada pendiente mide 45x21mm y pesa 4,2gr.<\/p>\n<p>piedraazul turquesa son vers\u00e1tiles y combinan bien con la mayor\u00eda de estilos y colores de ropa. Por lo tanto, son perfectos para cualquier ocasi\u00f3n, ya sea un evento formal o un d\u00eda de paseo informal. El color azul puede combinar con cualquier vestuario. El dise\u00f1o de aro colgante es uno de los favoritos de nuestra comunidad, y la combinaci\u00f3n \u00fanica de piedras redondas y en forma de l\u00e1grima hace que estos pendientes destaquen.<\/p>\n<p>A la turquesa se le atribuyen propiedades curativas y se asocia a menudo con la buena suerte y la prosperidad. Hist\u00f3ricamente, muchas culturas antiguas, como la egipcia y la de los nativos americanos, lo han utilizado en joyer\u00eda y otros objetos decorativos. A la turquesa tambi\u00e9n se le atribuyen propiedades espirituales, se cree que favorece la comunicaci\u00f3n y la autoexpresi\u00f3n y equilibra las emociones.<\/p>\n<p>Estos pendientes ser\u00e1n sin duda el punto culminante de tus conjuntos. Deber\u00edas darte un capricho, \u00a1te alegrar\u00e1s de tu elecci\u00f3n! Tambi\u00e9n puedes combinarlos con una pulsera, un collar y un anillo de turquesa de Elasaro.<\/p>\n","protected":false},"excerpt":{"rendered":"<p>Estos pendientes de aro de turquesa son un complemento impresionante para cualquier colecci\u00f3n de joyas. Los pendientes llevan piedras de turquesa redondas de 4 mm y l\u00e1grima de 6&#215;10 mm engastadas en plata de ley. El cierre de palanca asegura que los pendientes permanezcan en su sitio, mientras que el colgante a\u00f1ade un toque de&#8230;<\/p>\n","protected":false},"featured_media":5551,"template":"","meta":{"rank_math_lock_modified_date":false},"product_cat":[256,235,102],"product_tag":[],"class_list":{"0":"post-8591","1":"product","2":"type-product","3":"status-publish","4":"has-post-thumbnail","6":"product_cat-elasaro-favoritos","7":"product_cat-joyas-turquesa","8":"product_cat-pendientes-piedra-natural","10":"first","11":"instock","12":"shipping-taxable","13":"purchasable","14":"product-type-simple"},"_links":{"self":[{"href":"https:\/\/elasaro.com\/es\/wp-json\/wp\/v2\/product\/8591","targetHints":{"allow":["GET"]}}],"collection":[{"href":"https:\/\/elasaro.com\/es\/wp-json\/wp\/v2\/product"}],"about":[{"href":"https:\/\/elasaro.com\/es\/wp-json\/wp\/v2\/types\/product"}],"wp:featuredmedia":[{"embeddable":true,"href":"https:\/\/elasaro.com\/es\/wp-json\/wp\/v2\/media\/5551"}],"wp:attachment":[{"href":"https:\/\/elasaro.com\/es\/wp-json\/wp\/v2\/media?parent=8591"}],"wp:term":[{"taxonomy":"product_cat","embeddable":true,"href":"https:\/\/elasaro.com\/es\/wp-json\/wp\/v2\/product_cat?post=8591"},{"taxonomy":"product_tag","embeddable":true,"href":"https:\/\/elasaro.com\/es\/wp-json\/wp\/v2\/product_tag?post=8591"}],"curies":[{"name":"wp","href":"https:\/\/api.w.org\/{rel}","templated":true}]}}