{"id":8601,"date":"2022-10-10T20:28:42","date_gmt":"2023-02-21T07:29:18","guid":{"rendered":"https:\/\/elasaro.com\/product\/pendiente-aventurina-redonda-verde-circonita-cubica-aros-de-plata-de-ley\/"},"modified":"2023-08-09T12:58:57","modified_gmt":"2023-08-09T12:58:57","slug":"pendiente-aventurina-redonda-verde-circonita-cubica-aros-de-plata-de-ley","status":"publish","type":"product","link":"https:\/\/elasaro.com\/es\/producto\/pendiente-aventurina-redonda-verde-circonita-cubica-aros-de-plata-de-ley\/","title":{"rendered":"Pendientes Colgantes de Aventurina Redonda Verde con Cristales de Circonita C\u00fabica y Plata de Ley"},"content":{"rendered":"<p>Nada puede superar el encanto de estos pendientes colgantes de aventurina verde estilo reliquia. Est\u00e1n hechos con plata de ley y s\u00f3lo pesan 8,26gr. La hermosa aventurina de 12 mm est\u00e1 rodeada de relucientes piedrade circonita c\u00fabica que a\u00f1aden un toque de brillo a esta elegante pieza. El tama\u00f1o total de los pendientes es de 38x12mm, y tiene un estilo de pendiente de gancho.<\/p>\n<p>Se trata de pendientes llamativos que combinan a la perfecci\u00f3n con conjuntos igualmente elegantes. Puede completar el look con un collar y una pulsera a juego de nuestra colecci\u00f3n de joyas de aventurina, especialmente algunos de nuestros impresionantes colgantes. Llevar un maquillaje sutil y un peinado elegante acentuar\u00e1 el look con clase y atraer\u00e1 m\u00e1s miradas.<\/p>\n<p>Aparte de su llamativo aspecto, la aventurina tambi\u00e9n es conocida por conferir incre\u00edbles propiedades a quien la lleva. Es una gema que sana el coraz\u00f3n y refuerza las cualidades de liderazgo. Adem\u00e1s, ayuda a aliviar la migra\u00f1a y calma los ojos.<\/p>\n<p>No puede faltar en tu joyero.<\/p>\n","protected":false},"excerpt":{"rendered":"<p>Nada puede superar el encanto de estos pendientes colgantes de aventurina verde estilo reliquia. Est\u00e1n hechos con plata de ley y s\u00f3lo pesan 8,26gr. La hermosa aventurina de 12 mm est\u00e1 rodeada de relucientes piedrade circonita c\u00fabica que a\u00f1aden un toque de brillo a esta elegante pieza. El tama\u00f1o total de los pendientes es de&#8230;<\/p>\n","protected":false},"featured_media":7492,"template":"","meta":{"rank_math_lock_modified_date":false},"product_cat":[256,226,102],"product_tag":[],"class_list":{"0":"post-8601","1":"product","2":"type-product","3":"status-publish","4":"has-post-thumbnail","6":"product_cat-elasaro-favoritos","7":"product_cat-joyas-aventurina","8":"product_cat-pendientes-piedra-natural","10":"first","11":"instock","12":"shipping-taxable","13":"purchasable","14":"product-type-simple"},"_links":{"self":[{"href":"https:\/\/elasaro.com\/es\/wp-json\/wp\/v2\/product\/8601","targetHints":{"allow":["GET"]}}],"collection":[{"href":"https:\/\/elasaro.com\/es\/wp-json\/wp\/v2\/product"}],"about":[{"href":"https:\/\/elasaro.com\/es\/wp-json\/wp\/v2\/types\/product"}],"wp:featuredmedia":[{"embeddable":true,"href":"https:\/\/elasaro.com\/es\/wp-json\/wp\/v2\/media\/7492"}],"wp:attachment":[{"href":"https:\/\/elasaro.com\/es\/wp-json\/wp\/v2\/media?parent=8601"}],"wp:term":[{"taxonomy":"product_cat","embeddable":true,"href":"https:\/\/elasaro.com\/es\/wp-json\/wp\/v2\/product_cat?post=8601"},{"taxonomy":"product_tag","embeddable":true,"href":"https:\/\/elasaro.com\/es\/wp-json\/wp\/v2\/product_tag?post=8601"}],"curies":[{"name":"wp","href":"https:\/\/api.w.org\/{rel}","templated":true}]}}