{"id":10258,"date":"2022-10-15T19:35:04","date_gmt":"2023-03-06T03:44:49","guid":{"rendered":"https:\/\/elasaro.com\/product\/collier-labradorite-norvegienne-larvikite-grise-ronde-argent-sterling\/"},"modified":"2023-08-09T12:18:15","modified_gmt":"2023-08-09T12:18:15","slug":"collier-labradorite-norvegienne-larvikite-grise-ronde-argent-sterling","status":"publish","type":"product","link":"https:\/\/elasaro.com\/fr\/produit\/collier-labradorite-norvegienne-larvikite-grise-ronde-argent-sterling\/","title":{"rendered":"Collier en Labradorite Norv\u00e9gienne (Larvikite) Grise Ronde et en Argent Sterling"},"content":{"rendered":"<p>Notre collier en labradorite norv\u00e9gienne (Larvikite) grise est un excellent choix si vous souhaitez un collier sobre et \u00e9l\u00e9gant. Il donne une sensation agr\u00e9able avec son poids de 57gr. Le collier mesure 40cm de long et est muni d&rsquo;une cha\u00eene r\u00e9glable en argent sterling de 4cm et d&rsquo;un fermoir \u00e0 mousqueton qui le maintiendra fermement en place.<\/p>\n<p>C&rsquo;est une pi\u00e8ce magnifique qui s&rsquo;accordera avec la plupart des tenues. Elle peut \u00eatre subtile et discr\u00e8te ou plus accrocheuse, selon les couleurs avec lesquelles vous l&rsquo;associez.<\/p>\n<p>La larvikite est une pierre pr\u00e9cieuse puissante qui est une aubaine pour les personnes traversant des p\u00e9riodes difficiles. Elle est synonyme de sagesse, de s\u00e9curit\u00e9 et de cr\u00e9ativit\u00e9. Il dissipe \u00e9galement les \u00e9nergies n\u00e9gatives et stimule la vitalit\u00e9.<\/p>\n<p>Achetez votre collier aujourd&rsquo;hui tant qu&rsquo;il est disponible. Pensez \u00e0 associer ce collier avec un bracelet, une bague ou des boucles d&rsquo;oreilles en labradorite de notre collection !<\/p>\n","protected":false},"excerpt":{"rendered":"<p>Notre collier en labradorite norv\u00e9gienne (Larvikite) grise est un excellent choix si vous souhaitez un collier sobre et \u00e9l\u00e9gant. Il donne une sensation agr\u00e9able avec son poids de 57gr. Le collier mesure 40cm de long et est muni d&rsquo;une cha\u00eene r\u00e9glable en argent sterling de 4cm et d&rsquo;un fermoir \u00e0 mousqueton qui le maintiendra fermement&#8230;<\/p>\n","protected":false},"featured_media":9767,"template":"","meta":{"rank_math_lock_modified_date":false},"product_cat":[136,103,259],"product_tag":[],"class_list":{"0":"post-10258","1":"product","2":"type-product","3":"status-publish","4":"has-post-thumbnail","6":"product_cat-bijoux-labradorite","7":"product_cat-collier-pierre-naturelle","8":"product_cat-elasaro-favoris","10":"first","11":"instock","12":"shipping-taxable","13":"purchasable","14":"product-type-simple"},"_links":{"self":[{"href":"https:\/\/elasaro.com\/fr\/wp-json\/wp\/v2\/product\/10258","targetHints":{"allow":["GET"]}}],"collection":[{"href":"https:\/\/elasaro.com\/fr\/wp-json\/wp\/v2\/product"}],"about":[{"href":"https:\/\/elasaro.com\/fr\/wp-json\/wp\/v2\/types\/product"}],"wp:featuredmedia":[{"embeddable":true,"href":"https:\/\/elasaro.com\/fr\/wp-json\/wp\/v2\/media\/9767"}],"wp:attachment":[{"href":"https:\/\/elasaro.com\/fr\/wp-json\/wp\/v2\/media?parent=10258"}],"wp:term":[{"taxonomy":"product_cat","embeddable":true,"href":"https:\/\/elasaro.com\/fr\/wp-json\/wp\/v2\/product_cat?post=10258"},{"taxonomy":"product_tag","embeddable":true,"href":"https:\/\/elasaro.com\/fr\/wp-json\/wp\/v2\/product_tag?post=10258"}],"curies":[{"name":"wp","href":"https:\/\/api.w.org\/{rel}","templated":true}]}}