{"id":10269,"date":"2023-02-23T00:18:36","date_gmt":"2023-03-06T04:36:57","guid":{"rendered":"https:\/\/elasaro.com\/product\/collier-chaine-perles-amazonite-bleue-claire-ronde-facettes-argent-sterling\/"},"modified":"2023-08-08T10:39:02","modified_gmt":"2023-08-08T10:39:02","slug":"collier-chaine-perles-amazonite-bleue-claire-ronde-facettes-argent-sterling","status":"publish","type":"product","link":"https:\/\/elasaro.com\/fr\/produit\/collier-chaine-perles-amazonite-bleue-claire-ronde-facettes-argent-sterling\/","title":{"rendered":"Collier Cha\u00eene et Perles en Amazonite Bleue Claire Ronde \u00e0 Facettes et en Argent Sterling"},"content":{"rendered":"<p>Description \u00e0 venir<\/p>\n","protected":false},"excerpt":{"rendered":"<p>Description \u00e0 venir<\/p>\n","protected":false},"featured_media":8925,"template":"","meta":{"rank_math_lock_modified_date":false},"product_cat":[319,103],"product_tag":[],"class_list":{"0":"post-10269","1":"product","2":"type-product","3":"status-publish","4":"has-post-thumbnail","6":"product_cat-bijoux-amazonite","7":"product_cat-collier-pierre-naturelle","9":"first","10":"instock","11":"shipping-taxable","12":"purchasable","13":"product-type-simple"},"_links":{"self":[{"href":"https:\/\/elasaro.com\/fr\/wp-json\/wp\/v2\/product\/10269","targetHints":{"allow":["GET"]}}],"collection":[{"href":"https:\/\/elasaro.com\/fr\/wp-json\/wp\/v2\/product"}],"about":[{"href":"https:\/\/elasaro.com\/fr\/wp-json\/wp\/v2\/types\/product"}],"wp:featuredmedia":[{"embeddable":true,"href":"https:\/\/elasaro.com\/fr\/wp-json\/wp\/v2\/media\/8925"}],"wp:attachment":[{"href":"https:\/\/elasaro.com\/fr\/wp-json\/wp\/v2\/media?parent=10269"}],"wp:term":[{"taxonomy":"product_cat","embeddable":true,"href":"https:\/\/elasaro.com\/fr\/wp-json\/wp\/v2\/product_cat?post=10269"},{"taxonomy":"product_tag","embeddable":true,"href":"https:\/\/elasaro.com\/fr\/wp-json\/wp\/v2\/product_tag?post=10269"}],"curies":[{"name":"wp","href":"https:\/\/api.w.org\/{rel}","templated":true}]}}