{"id":10270,"date":"2023-02-23T00:43:13","date_gmt":"2023-03-06T04:39:05","guid":{"rendered":"https:\/\/elasaro.com\/product\/bracelet-chaine-perles-amazonite-bleue-claire-ronde-facettes-argent-sterling\/"},"modified":"2023-08-08T10:36:18","modified_gmt":"2023-08-08T10:36:18","slug":"bracelet-chaine-perles-amazonite-bleue-claire-ronde-facettes-argent-sterling","status":"publish","type":"product","link":"https:\/\/elasaro.com\/fr\/produit\/bracelet-chaine-perles-amazonite-bleue-claire-ronde-facettes-argent-sterling\/","title":{"rendered":"Bracelet Cha\u00eene et Perles en Amazonite Bleue Claire Ronde \u00e0 Facettes et en Argent Sterling"},"content":{"rendered":"<p>Description \u00e0 venir<\/p>\n","protected":false},"excerpt":{"rendered":"<p>Description \u00e0 venir<\/p>\n","protected":false},"featured_media":8961,"template":"","meta":{"rank_math_lock_modified_date":false},"product_cat":[319,95,259],"product_tag":[],"class_list":{"0":"post-10270","1":"product","2":"type-product","3":"status-publish","4":"has-post-thumbnail","6":"product_cat-bijoux-amazonite","7":"product_cat-bracelet-pierre-naturelle","8":"product_cat-elasaro-favoris","10":"first","11":"instock","12":"shipping-taxable","13":"purchasable","14":"product-type-simple"},"_links":{"self":[{"href":"https:\/\/elasaro.com\/fr\/wp-json\/wp\/v2\/product\/10270","targetHints":{"allow":["GET"]}}],"collection":[{"href":"https:\/\/elasaro.com\/fr\/wp-json\/wp\/v2\/product"}],"about":[{"href":"https:\/\/elasaro.com\/fr\/wp-json\/wp\/v2\/types\/product"}],"wp:featuredmedia":[{"embeddable":true,"href":"https:\/\/elasaro.com\/fr\/wp-json\/wp\/v2\/media\/8961"}],"wp:attachment":[{"href":"https:\/\/elasaro.com\/fr\/wp-json\/wp\/v2\/media?parent=10270"}],"wp:term":[{"taxonomy":"product_cat","embeddable":true,"href":"https:\/\/elasaro.com\/fr\/wp-json\/wp\/v2\/product_cat?post=10270"},{"taxonomy":"product_tag","embeddable":true,"href":"https:\/\/elasaro.com\/fr\/wp-json\/wp\/v2\/product_tag?post=10270"}],"curies":[{"name":"wp","href":"https:\/\/api.w.org\/{rel}","templated":true}]}}