{"id":10325,"date":"2023-03-02T23:32:20","date_gmt":"2023-03-06T18:00:40","guid":{"rendered":"https:\/\/elasaro.com\/product\/boucles-oreilles-creoles-pendantes-labradorite-norvegienne-larvikite-grise-ronde-argent-sterling\/"},"modified":"2024-05-12T17:23:35","modified_gmt":"2024-05-12T17:23:35","slug":"boucles-oreilles-creoles-pendantes-labradorite-norvegienne-larvikite-grise-ronde-argent-sterling","status":"publish","type":"product","link":"https:\/\/elasaro.com\/fr\/produit\/boucles-oreilles-creoles-pendantes-labradorite-norvegienne-larvikite-grise-ronde-argent-sterling\/","title":{"rendered":"Boucles d&rsquo;Oreilles Cr\u00e9oles Pendantes en Labradorite Norv\u00e9gienne (Larvikite) Grise Ronde et en Argent Sterling"},"content":{"rendered":"<p>Description \u00e0 venir<\/p>\n","protected":false},"excerpt":{"rendered":"<p>Description \u00e0 venir<\/p>\n","protected":false},"featured_media":9839,"template":"","meta":{"rank_math_lock_modified_date":false},"product_cat":[1016,136,1046,1162,99,1602,1164],"product_tag":[],"class_list":{"0":"post-10325","1":"product","2":"type-product","3":"status-publish","4":"has-post-thumbnail","6":"product_cat-bijoux-gris","7":"product_cat-bijoux-labradorite","8":"product_cat-boucle-doreille-en-pierre-naturelle-gris","9":"product_cat-boucles-doreilles-creoles","10":"product_cat-boucle-doreille-pierre-naturelle","11":"product_cat-boucles-doreilles-labradorite","12":"product_cat-boucles-doreilles-pendantes","14":"first","15":"instock","16":"shipping-taxable","17":"purchasable","18":"product-type-simple"},"_links":{"self":[{"href":"https:\/\/elasaro.com\/fr\/wp-json\/wp\/v2\/product\/10325","targetHints":{"allow":["GET"]}}],"collection":[{"href":"https:\/\/elasaro.com\/fr\/wp-json\/wp\/v2\/product"}],"about":[{"href":"https:\/\/elasaro.com\/fr\/wp-json\/wp\/v2\/types\/product"}],"wp:featuredmedia":[{"embeddable":true,"href":"https:\/\/elasaro.com\/fr\/wp-json\/wp\/v2\/media\/9839"}],"wp:attachment":[{"href":"https:\/\/elasaro.com\/fr\/wp-json\/wp\/v2\/media?parent=10325"}],"wp:term":[{"taxonomy":"product_cat","embeddable":true,"href":"https:\/\/elasaro.com\/fr\/wp-json\/wp\/v2\/product_cat?post=10325"},{"taxonomy":"product_tag","embeddable":true,"href":"https:\/\/elasaro.com\/fr\/wp-json\/wp\/v2\/product_tag?post=10325"}],"curies":[{"name":"wp","href":"https:\/\/api.w.org\/{rel}","templated":true}]}}