{"id":10344,"date":"2023-03-03T14:45:45","date_gmt":"2023-03-06T18:16:12","guid":{"rendered":"https:\/\/elasaro.com\/product\/collier-en-y-onyx-noir-rond-goutte-facettes-argent-sterling-reglable\/"},"modified":"2024-05-12T17:18:42","modified_gmt":"2024-05-12T17:18:42","slug":"collier-en-y-onyx-noir-rond-goutte-facettes-argent-sterling-reglable","status":"publish","type":"product","link":"https:\/\/elasaro.com\/fr\/produit\/collier-en-y-onyx-noir-rond-goutte-facettes-argent-sterling-reglable\/","title":{"rendered":"Collier en Y en Onyx Noir Rond et Goutte \u00e0 Facettes et en Argent Sterling &#8211; R\u00e9glable"},"content":{"rendered":"<p>Description \u00e0 venir<\/p>\n","protected":false},"excerpt":{"rendered":"<p>Description \u00e0 venir<\/p>\n","protected":false},"featured_media":9972,"template":"","meta":{"rank_math_lock_modified_date":false},"product_cat":[1010,141,1732,103,1088,1628,1714],"product_tag":[],"class_list":{"0":"post-10344","1":"product","2":"type-product","3":"status-publish","4":"has-post-thumbnail","6":"product_cat-bijoux-noire","7":"product_cat-bijoux-onyx","8":"product_cat-colliers-ajustables","9":"product_cat-collier-pierre-naturelle","10":"product_cat-colliers-en-pierre-naturelle-noir","11":"product_cat-colliers-onyx","12":"product_cat-colliers-lariat","14":"first","15":"outofstock","16":"shipping-taxable","17":"purchasable","18":"product-type-simple"},"_links":{"self":[{"href":"https:\/\/elasaro.com\/fr\/wp-json\/wp\/v2\/product\/10344","targetHints":{"allow":["GET"]}}],"collection":[{"href":"https:\/\/elasaro.com\/fr\/wp-json\/wp\/v2\/product"}],"about":[{"href":"https:\/\/elasaro.com\/fr\/wp-json\/wp\/v2\/types\/product"}],"wp:featuredmedia":[{"embeddable":true,"href":"https:\/\/elasaro.com\/fr\/wp-json\/wp\/v2\/media\/9972"}],"wp:attachment":[{"href":"https:\/\/elasaro.com\/fr\/wp-json\/wp\/v2\/media?parent=10344"}],"wp:term":[{"taxonomy":"product_cat","embeddable":true,"href":"https:\/\/elasaro.com\/fr\/wp-json\/wp\/v2\/product_cat?post=10344"},{"taxonomy":"product_tag","embeddable":true,"href":"https:\/\/elasaro.com\/fr\/wp-json\/wp\/v2\/product_tag?post=10344"}],"curies":[{"name":"wp","href":"https:\/\/api.w.org\/{rel}","templated":true}]}}