{"id":10360,"date":"2023-03-04T01:13:24","date_gmt":"2023-03-06T18:41:16","guid":{"rendered":"https:\/\/elasaro.com\/product\/bague-amethyste-violette-cabochon-ronde-argent-sterling-bande-reglable\/"},"modified":"2024-05-12T17:13:31","modified_gmt":"2024-05-12T17:13:31","slug":"bague-amethyste-violette-cabochon-ronde-argent-sterling-bande-reglable","status":"publish","type":"product","link":"https:\/\/elasaro.com\/fr\/produit\/bague-amethyste-violette-cabochon-ronde-argent-sterling-bande-reglable\/","title":{"rendered":"Bague en Am\u00e9thyste Violette Cabochon Ronde et en Argent Sterling &#8211; Bande R\u00e9glable"},"content":{"rendered":"<p>Description \u00e0 venir<\/p>\n","protected":false},"excerpt":{"rendered":"<p>Description \u00e0 venir<\/p>\n","protected":false},"featured_media":10199,"template":"","meta":{"rank_math_lock_modified_date":false},"product_cat":[1704,1426,1444,1448,1442,1446,114,1492,1260,1076,124,1188,1020,1330,1348,1352,1346,1350],"product_tag":[],"class_list":{"0":"post-10360","1":"product","2":"type-product","3":"status-publish","4":"has-post-thumbnail","6":"product_cat-bagues-ajustables","7":"product_cat-bagues-zodiaque-belier","8":"product_cat-bagues-zodiaque-capricorne","9":"product_cat-bagues-zodiaque-poissons","10":"product_cat-bagues-zodiaque-sagittaire","11":"product_cat-bagues-zodiaque-verseau","12":"product_cat-bagues-pierre-naturelle","13":"product_cat-bagues-amethyste","14":"product_cat-bagues-pierre-de-naissance-fevrier","15":"product_cat-bagues-en-pierre-naturelle-violet","16":"product_cat-bijoux-amethyste","17":"product_cat-bijoux-pierre-de-naissance-fevrier","18":"product_cat-bijoux-violet","19":"product_cat-bijoux-pierre-zodiaque-belier","20":"product_cat-bijoux-pierre-zodiaque-capricorne","21":"product_cat-bijoux-pierre-zodiaque-poissons","22":"product_cat-bijoux-pierre-zodiaque-sagittaire","23":"product_cat-bijoux-pierre-zodiaque-verseau","25":"first","26":"instock","27":"shipping-taxable","28":"purchasable","29":"product-type-variable","30":"has-default-attributes"},"_links":{"self":[{"href":"https:\/\/elasaro.com\/fr\/wp-json\/wp\/v2\/product\/10360","targetHints":{"allow":["GET"]}}],"collection":[{"href":"https:\/\/elasaro.com\/fr\/wp-json\/wp\/v2\/product"}],"about":[{"href":"https:\/\/elasaro.com\/fr\/wp-json\/wp\/v2\/types\/product"}],"wp:featuredmedia":[{"embeddable":true,"href":"https:\/\/elasaro.com\/fr\/wp-json\/wp\/v2\/media\/10199"}],"wp:attachment":[{"href":"https:\/\/elasaro.com\/fr\/wp-json\/wp\/v2\/media?parent=10360"}],"wp:term":[{"taxonomy":"product_cat","embeddable":true,"href":"https:\/\/elasaro.com\/fr\/wp-json\/wp\/v2\/product_cat?post=10360"},{"taxonomy":"product_tag","embeddable":true,"href":"https:\/\/elasaro.com\/fr\/wp-json\/wp\/v2\/product_tag?post=10360"}],"curies":[{"name":"wp","href":"https:\/\/api.w.org\/{rel}","templated":true}]}}