{"id":11995,"date":"2023-03-30T00:53:20","date_gmt":"2023-03-31T03:33:47","guid":{"rendered":"https:\/\/elasaro.com\/product\/bracelet-chaine-perle-peche-ovale-asymetrique-argent-sterling\/"},"modified":"2024-05-11T14:16:51","modified_gmt":"2024-05-11T14:16:51","slug":"bracelet-chaine-perle-peche-ovale-asymetrique-argent-sterling","status":"publish","type":"product","link":"https:\/\/elasaro.com\/fr\/produit\/bracelet-chaine-perle-peche-ovale-asymetrique-argent-sterling\/","title":{"rendered":"Bracelet Cha\u00eene en Perle P\u00eache Ovale Asym\u00e9trique et en Argent Sterling"},"content":{"rendered":"<p>Description \u00e0 venir<\/p>\n","protected":false},"excerpt":{"rendered":"<p>Description \u00e0 venir<\/p>\n","protected":false},"featured_media":11910,"template":"","meta":{"rank_math_lock_modified_date":false},"product_cat":[143,1196,1011,1336,1334,1146,1006,1360,1358,95,1220,1025,1152],"product_tag":[],"class_list":{"0":"post-11995","1":"product","2":"type-product","3":"status-publish","4":"has-post-thumbnail","6":"product_cat-bijoux-en-perles","7":"product_cat-bijoux-pierre-de-naissance-juin","8":"product_cat-bijoux-beige","9":"product_cat-bijoux-pierre-zodiaque-cancer","10":"product_cat-bijoux-pierre-zodiaque-gemeaux","11":"product_cat-bracelets-chaine-perles","12":"product_cat-bracelets-de-perles","13":"product_cat-bracelets-zodiaque-cancer","14":"product_cat-bracelets-zodiaque-gemeaux","15":"product_cat-bracelet-pierre-naturelle","16":"product_cat-bracelets-pierre-de-naissance-juin","17":"product_cat-bracelets-en-pierre-naturelle-beige","18":"product_cat-bracelets-reglable","20":"first","21":"instock","22":"sale","23":"shipping-taxable","24":"purchasable","25":"product-type-simple"},"_links":{"self":[{"href":"https:\/\/elasaro.com\/fr\/wp-json\/wp\/v2\/product\/11995","targetHints":{"allow":["GET"]}}],"collection":[{"href":"https:\/\/elasaro.com\/fr\/wp-json\/wp\/v2\/product"}],"about":[{"href":"https:\/\/elasaro.com\/fr\/wp-json\/wp\/v2\/types\/product"}],"wp:featuredmedia":[{"embeddable":true,"href":"https:\/\/elasaro.com\/fr\/wp-json\/wp\/v2\/media\/11910"}],"wp:attachment":[{"href":"https:\/\/elasaro.com\/fr\/wp-json\/wp\/v2\/media?parent=11995"}],"wp:term":[{"taxonomy":"product_cat","embeddable":true,"href":"https:\/\/elasaro.com\/fr\/wp-json\/wp\/v2\/product_cat?post=11995"},{"taxonomy":"product_tag","embeddable":true,"href":"https:\/\/elasaro.com\/fr\/wp-json\/wp\/v2\/product_tag?post=11995"}],"curies":[{"name":"wp","href":"https:\/\/api.w.org\/{rel}","templated":true}]}}