{"id":7844,"date":"2023-02-02T20:31:17","date_gmt":"2023-02-15T01:38:07","guid":{"rendered":"https:\/\/elasaro.com\/product\/bracelet-cristal-de-roche-craquele-galvanise-rond-multi-taille-argent-sterling\/"},"modified":"2023-08-09T09:52:27","modified_gmt":"2023-08-09T09:52:27","slug":"bracelet-cristal-de-roche-craquele-galvanise-rond-multi-taille-argent-sterling","status":"publish","type":"product","link":"https:\/\/elasaro.com\/fr\/produit\/bracelet-cristal-de-roche-craquele-galvanise-rond-multi-taille-argent-sterling\/","title":{"rendered":"Bracelet en Cristal de Roche Rond Craquel\u00e9 Galvanis\u00e9 (Plusieurs Tailles) et en Argent Sterling"},"content":{"rendered":"<p>Description \u00e0 venir<\/p>\n","protected":false},"excerpt":{"rendered":"<p>Description \u00e0 venir<\/p>\n","protected":false},"featured_media":6933,"template":"","meta":{"rank_math_lock_modified_date":false},"product_cat":[321,95],"product_tag":[],"class_list":{"0":"post-7844","1":"product","2":"type-product","3":"status-publish","4":"has-post-thumbnail","6":"product_cat-bijoux-cristal-de-roche","7":"product_cat-bracelet-pierre-naturelle","9":"first","10":"instock","11":"shipping-taxable","12":"purchasable","13":"product-type-simple"},"_links":{"self":[{"href":"https:\/\/elasaro.com\/fr\/wp-json\/wp\/v2\/product\/7844","targetHints":{"allow":["GET"]}}],"collection":[{"href":"https:\/\/elasaro.com\/fr\/wp-json\/wp\/v2\/product"}],"about":[{"href":"https:\/\/elasaro.com\/fr\/wp-json\/wp\/v2\/types\/product"}],"wp:featuredmedia":[{"embeddable":true,"href":"https:\/\/elasaro.com\/fr\/wp-json\/wp\/v2\/media\/6933"}],"wp:attachment":[{"href":"https:\/\/elasaro.com\/fr\/wp-json\/wp\/v2\/media?parent=7844"}],"wp:term":[{"taxonomy":"product_cat","embeddable":true,"href":"https:\/\/elasaro.com\/fr\/wp-json\/wp\/v2\/product_cat?post=7844"},{"taxonomy":"product_tag","embeddable":true,"href":"https:\/\/elasaro.com\/fr\/wp-json\/wp\/v2\/product_tag?post=7844"}],"curies":[{"name":"wp","href":"https:\/\/api.w.org\/{rel}","templated":true}]}}