{"id":7845,"date":"2023-02-02T22:08:17","date_gmt":"2023-02-15T01:49:04","guid":{"rendered":"https:\/\/elasaro.com\/product\/boucles-oreilles-pendantes-cristal-de-roche-rond-craquele-galvanise-argent-sterling\/"},"modified":"2023-08-09T09:48:58","modified_gmt":"2023-08-09T09:48:58","slug":"boucles-oreilles-pendantes-cristal-de-roche-rond-craquele-galvanise-argent-sterling","status":"publish","type":"product","link":"https:\/\/elasaro.com\/fr\/produit\/boucles-oreilles-pendantes-cristal-de-roche-rond-craquele-galvanise-argent-sterling\/","title":{"rendered":"Boucles d&rsquo;Oreilles Pendantes en Cristal de Roche Rond Craquel\u00e9 Galvanis\u00e9 et en Argent Sterling"},"content":{"rendered":"<p>Description \u00e0 venir<\/p>\n","protected":false},"excerpt":{"rendered":"<p>Description \u00e0 venir<\/p>\n","protected":false},"featured_media":6964,"template":"","meta":{"rank_math_lock_modified_date":false},"product_cat":[321,99,259],"product_tag":[],"class_list":{"0":"post-7845","1":"product","2":"type-product","3":"status-publish","4":"has-post-thumbnail","6":"product_cat-bijoux-cristal-de-roche","7":"product_cat-boucle-doreille-pierre-naturelle","8":"product_cat-elasaro-favoris","10":"first","11":"instock","12":"shipping-taxable","13":"purchasable","14":"product-type-simple"},"_links":{"self":[{"href":"https:\/\/elasaro.com\/fr\/wp-json\/wp\/v2\/product\/7845","targetHints":{"allow":["GET"]}}],"collection":[{"href":"https:\/\/elasaro.com\/fr\/wp-json\/wp\/v2\/product"}],"about":[{"href":"https:\/\/elasaro.com\/fr\/wp-json\/wp\/v2\/types\/product"}],"wp:featuredmedia":[{"embeddable":true,"href":"https:\/\/elasaro.com\/fr\/wp-json\/wp\/v2\/media\/6964"}],"wp:attachment":[{"href":"https:\/\/elasaro.com\/fr\/wp-json\/wp\/v2\/media?parent=7845"}],"wp:term":[{"taxonomy":"product_cat","embeddable":true,"href":"https:\/\/elasaro.com\/fr\/wp-json\/wp\/v2\/product_cat?post=7845"},{"taxonomy":"product_tag","embeddable":true,"href":"https:\/\/elasaro.com\/fr\/wp-json\/wp\/v2\/product_tag?post=7845"}],"curies":[{"name":"wp","href":"https:\/\/api.w.org\/{rel}","templated":true}]}}