{"id":7855,"date":"2022-10-10T20:28:42","date_gmt":"2023-02-15T02:45:26","guid":{"rendered":"https:\/\/elasaro.com\/product\/boucles-oreilles-pendantes-aventurine-verte-ronde-zircone-cubique-sterling-silver\/"},"modified":"2023-08-09T12:59:10","modified_gmt":"2023-08-09T12:59:10","slug":"boucles-oreilles-pendantes-aventurine-verte-ronde-zircone-cubique-sterling-silver","status":"publish","type":"product","link":"https:\/\/elasaro.com\/fr\/produit\/boucles-oreilles-pendantes-aventurine-verte-ronde-zircone-cubique-sterling-silver\/","title":{"rendered":"Boucles d\u2019Oreilles Pendantes En Aventurine Verte Ronde Avec Des Cristaux De Zircone Cubique Et En Argent Sterling"},"content":{"rendered":"<p>Rien ne peut battre le charme de ces boucles d&rsquo;oreilles pendantes en aventurine verte. Elles sont fabriqu\u00e9es en argent sterling et ne p\u00e8sent que 8,26gr. L&rsquo;aventurine magnifique de 12mm est entour\u00e9e de cristaux de zircone cubique scintillants qui ajoutent une touche d&rsquo;\u00e9clat \u00e0 cette pi\u00e8ce \u00e9l\u00e9gante. La taille des boucles d&rsquo;oreilles est de 38x12mm et elles ont une fermeture \u00e0 crochet.<\/p>\n<p>Ce sont des boucles d&rsquo;oreilles qui s&rsquo;accordent parfaitement avec des tenues tout aussi \u00e9l\u00e9gantes. Vous pouvez compl\u00e9ter le look avec un collier et un bracelet assortis de notre collection de bijoux en aventurine, notamment avec certains de nos pendentifs. Le port d&rsquo;un maquillage subtil et d&rsquo;une coiffure \u00e9l\u00e9gante accentuera le look classe et attirera davantage de regards.<\/p>\n<p>Outre son aspect saisissant, l&rsquo;aventurine est \u00e9galement connue pour conf\u00e9rer des propri\u00e9t\u00e9s incroyables \u00e0 celle qui la porte. C&rsquo;est une pierre semi-pr\u00e9cieuse qui gu\u00e9rit le c\u0153ur et qui renforce \u00e9galement les qualit\u00e9s de leadership. De plus, elle aide \u00e0 soulager la migraine et apaise les yeux.<\/p>\n<p>C&rsquo;est un objet indispensable dans votre bo\u00eete \u00e0 bijoux !<\/p>\n","protected":false},"excerpt":{"rendered":"<p>Rien ne peut battre le charme de ces boucles d&rsquo;oreilles pendantes en aventurine verte. Elles sont fabriqu\u00e9es en argent sterling et ne p\u00e8sent que 8,26gr. L&rsquo;aventurine magnifique de 12mm est entour\u00e9e de cristaux de zircone cubique scintillants qui ajoutent une touche d&rsquo;\u00e9clat \u00e0 cette pi\u00e8ce \u00e9l\u00e9gante. La taille des boucles d&rsquo;oreilles est de 38x12mm et&#8230;<\/p>\n","protected":false},"featured_media":7489,"template":"","meta":{"rank_math_lock_modified_date":false},"product_cat":[127,99,259],"product_tag":[],"class_list":{"0":"post-7855","1":"product","2":"type-product","3":"status-publish","4":"has-post-thumbnail","6":"product_cat-bijoux-aventurine","7":"product_cat-boucle-doreille-pierre-naturelle","8":"product_cat-elasaro-favoris","10":"first","11":"instock","12":"shipping-taxable","13":"purchasable","14":"product-type-simple"},"_links":{"self":[{"href":"https:\/\/elasaro.com\/fr\/wp-json\/wp\/v2\/product\/7855","targetHints":{"allow":["GET"]}}],"collection":[{"href":"https:\/\/elasaro.com\/fr\/wp-json\/wp\/v2\/product"}],"about":[{"href":"https:\/\/elasaro.com\/fr\/wp-json\/wp\/v2\/types\/product"}],"wp:featuredmedia":[{"embeddable":true,"href":"https:\/\/elasaro.com\/fr\/wp-json\/wp\/v2\/media\/7489"}],"wp:attachment":[{"href":"https:\/\/elasaro.com\/fr\/wp-json\/wp\/v2\/media?parent=7855"}],"wp:term":[{"taxonomy":"product_cat","embeddable":true,"href":"https:\/\/elasaro.com\/fr\/wp-json\/wp\/v2\/product_cat?post=7855"},{"taxonomy":"product_tag","embeddable":true,"href":"https:\/\/elasaro.com\/fr\/wp-json\/wp\/v2\/product_tag?post=7855"}],"curies":[{"name":"wp","href":"https:\/\/api.w.org\/{rel}","templated":true}]}}