{"id":7863,"date":"2023-01-09T22:34:55","date_gmt":"2023-02-15T22:32:44","guid":{"rendered":"https:\/\/elasaro.com\/product\/bague-turquoise-bleue-cabochon-ronde-argent-sterling-bande-reglable\/"},"modified":"2023-08-09T11:41:58","modified_gmt":"2023-08-09T11:41:58","slug":"bague-turquoise-bleue-cabochon-ronde-argent-sterling-bande-reglable","status":"publish","type":"product","link":"https:\/\/elasaro.com\/fr\/produit\/bague-turquoise-bleue-cabochon-ronde-argent-sterling-bande-reglable\/","title":{"rendered":"Bague en Turquoise Bleue Cabochon Ronde et en Argent Sterling &#8211; Bande R\u00e9glable"},"content":{"rendered":"<p>Cette magnifique bague pr\u00e9sente une turquoise ronde et plate sertie sur un anneau minimaliste en argent sterling. La bande est r\u00e9glable, ce qui vous permet de trouver l&rsquo;ajustement parfait et de changer facilement de doigt quand vous le souhaitez. Elle p\u00e8se 3,65gr.<\/p>\n<p>C&rsquo;est une bague minimaliste et \u00e9l\u00e9gante sans effort. La turquoise bleue s&rsquo;accorde avec la plupart des tenues et des couleurs. Vous pouvez la porter aussi bien pour des occasions d\u00e9contract\u00e9es que pour des occasions sp\u00e9ciales.<\/p>\n<p>La turquoise est associ\u00e9e \u00e0 la bonne fortune depuis les temps anciens, et ses propri\u00e9t\u00e9s curatives sont cens\u00e9es favoriser la force physique et prot\u00e9ger contre les \u00e9nergies n\u00e9gatives. Sa couleur vibrante apporte de la joie dans n&rsquo;importe quelle tenue, tandis que son \u00e9nergie apaisante rayonne de paix et de positivit\u00e9.<\/p>\n<p>Achetez votre bague turquoise maintenant ! Elle sera superbe seule ou associ\u00e9e \u00e0 d&rsquo;autres bijoux en turquoise de notre collection.<\/p>\n","protected":false},"excerpt":{"rendered":"<p>Cette magnifique bague pr\u00e9sente une turquoise ronde et plate sertie sur un anneau minimaliste en argent sterling. La bande est r\u00e9glable, ce qui vous permet de trouver l&rsquo;ajustement parfait et de changer facilement de doigt quand vous le souhaitez. Elle p\u00e8se 3,65gr. C&rsquo;est une bague minimaliste et \u00e9l\u00e9gante sans effort. La turquoise bleue s&rsquo;accorde avec&#8230;<\/p>\n","protected":false},"featured_media":5623,"template":"","meta":{"rank_math_lock_modified_date":false},"product_cat":[114,155],"product_tag":[],"class_list":{"0":"post-7863","1":"product","2":"type-product","3":"status-publish","4":"has-post-thumbnail","6":"product_cat-bagues-pierre-naturelle","7":"product_cat-bijoux-turquoise","9":"first","10":"instock","11":"shipping-taxable","12":"purchasable","13":"product-type-variable","14":"has-default-attributes"},"_links":{"self":[{"href":"https:\/\/elasaro.com\/fr\/wp-json\/wp\/v2\/product\/7863","targetHints":{"allow":["GET"]}}],"collection":[{"href":"https:\/\/elasaro.com\/fr\/wp-json\/wp\/v2\/product"}],"about":[{"href":"https:\/\/elasaro.com\/fr\/wp-json\/wp\/v2\/types\/product"}],"wp:featuredmedia":[{"embeddable":true,"href":"https:\/\/elasaro.com\/fr\/wp-json\/wp\/v2\/media\/5623"}],"wp:attachment":[{"href":"https:\/\/elasaro.com\/fr\/wp-json\/wp\/v2\/media?parent=7863"}],"wp:term":[{"taxonomy":"product_cat","embeddable":true,"href":"https:\/\/elasaro.com\/fr\/wp-json\/wp\/v2\/product_cat?post=7863"},{"taxonomy":"product_tag","embeddable":true,"href":"https:\/\/elasaro.com\/fr\/wp-json\/wp\/v2\/product_tag?post=7863"}],"curies":[{"name":"wp","href":"https:\/\/api.w.org\/{rel}","templated":true}]}}