{"id":7879,"date":"2023-01-09T19:08:47","date_gmt":"2023-02-15T22:51:16","guid":{"rendered":"https:\/\/elasaro.com\/product\/bracelet-turquoise-bleue-ronde-plusieurs-tailles-argent-sterling\/"},"modified":"2023-08-09T11:45:07","modified_gmt":"2023-08-09T11:45:07","slug":"bracelet-turquoise-bleue-ronde-plusieurs-tailles-argent-sterling","status":"publish","type":"product","link":"https:\/\/elasaro.com\/fr\/produit\/bracelet-turquoise-bleue-ronde-plusieurs-tailles-argent-sterling\/","title":{"rendered":"Bracelet en Turquoise Bleue Ronde (Plusieurs Tailles) et en Argent Sterling"},"content":{"rendered":"<p>Ce bracelet perl\u00e9 en turquoise est un bijou classique et comporte une vari\u00e9t\u00e9 de pierres turquoises bleues rondes de 6, 8 et 10 mm. Il mesure 16,5 cm de long, avec une cha\u00eene suppl\u00e9mentaire r\u00e9glable de 4 cm en argent sterling et un fermoir \u00e0 mousqueton. La cha\u00eene r\u00e9glable vous permet de l&rsquo;adapter parfaitement \u00e0 votre poignet. Le bracelet p\u00e8se 12,7gr.<\/p>\n<p>Vous pouvez le porter pour des \u00e9v\u00e9nements sp\u00e9ciaux avec des couleurs sombres ou claires. Vous ferez une d\u00e9claration et attirerez de nombreux regards. Il sera \u00e9galement parfait pour des occasions d\u00e9contract\u00e9es avec des robes d&rsquo;\u00e9t\u00e9, des vestes en jean ou d&rsquo;autres tenues simples et d\u00e9contract\u00e9es. Opter pour des bijoux en turquoise est toujours un bon choix.<\/p>\n<p>La turquoise fait partie des pierres les plus populaires utilis\u00e9s en bijouterie, et elle apporte chance et protection \u00e0 son porteur. La couleur bleue de la pierre est \u00e9galement associ\u00e9e \u00e0 la communication et \u00e0 l&rsquo;expression de soi. Il est magnifique, poss\u00e8de de nombreuses propri\u00e9t\u00e9s curatives et est indispensable \u00e0 toute bo\u00eete \u00e0 bijoux.<\/p>\n<p>N&rsquo;attendez pas plus longtemps, achetez votre bracelet maintenant ! Vous pouvez \u00e9galement compl\u00e9ter ce look avec un collier, une paire de boucles d&rsquo;oreilles et une bague turquoise de notre collection de turquoises.<\/p>\n","protected":false},"excerpt":{"rendered":"<p>Ce bracelet perl\u00e9 en turquoise est un bijou classique et comporte une vari\u00e9t\u00e9 de pierres turquoises bleues rondes de 6, 8 et 10 mm. Il mesure 16,5 cm de long, avec une cha\u00eene suppl\u00e9mentaire r\u00e9glable de 4 cm en argent sterling et un fermoir \u00e0 mousqueton. La cha\u00eene r\u00e9glable vous permet de l&rsquo;adapter parfaitement \u00e0&#8230;<\/p>\n","protected":false},"featured_media":5586,"template":"","meta":{"rank_math_lock_modified_date":false},"product_cat":[155,95],"product_tag":[],"class_list":{"0":"post-7879","1":"product","2":"type-product","3":"status-publish","4":"has-post-thumbnail","6":"product_cat-bijoux-turquoise","7":"product_cat-bracelet-pierre-naturelle","9":"first","10":"outofstock","11":"shipping-taxable","12":"purchasable","13":"product-type-simple"},"_links":{"self":[{"href":"https:\/\/elasaro.com\/fr\/wp-json\/wp\/v2\/product\/7879","targetHints":{"allow":["GET"]}}],"collection":[{"href":"https:\/\/elasaro.com\/fr\/wp-json\/wp\/v2\/product"}],"about":[{"href":"https:\/\/elasaro.com\/fr\/wp-json\/wp\/v2\/types\/product"}],"wp:featuredmedia":[{"embeddable":true,"href":"https:\/\/elasaro.com\/fr\/wp-json\/wp\/v2\/media\/5586"}],"wp:attachment":[{"href":"https:\/\/elasaro.com\/fr\/wp-json\/wp\/v2\/media?parent=7879"}],"wp:term":[{"taxonomy":"product_cat","embeddable":true,"href":"https:\/\/elasaro.com\/fr\/wp-json\/wp\/v2\/product_cat?post=7879"},{"taxonomy":"product_tag","embeddable":true,"href":"https:\/\/elasaro.com\/fr\/wp-json\/wp\/v2\/product_tag?post=7879"}],"curies":[{"name":"wp","href":"https:\/\/api.w.org\/{rel}","templated":true}]}}