{"id":7880,"date":"2023-01-09T01:23:21","date_gmt":"2023-02-15T22:57:29","guid":{"rendered":"https:\/\/elasaro.com\/product\/collier-turquoise-bleue-ronde-plusieurs-tailles-argent-sterling\/"},"modified":"2023-08-09T11:47:27","modified_gmt":"2023-08-09T11:47:27","slug":"collier-turquoise-bleue-ronde-plusieurs-tailles-argent-sterling","status":"publish","type":"product","link":"https:\/\/elasaro.com\/fr\/produit\/collier-turquoise-bleue-ronde-plusieurs-tailles-argent-sterling\/","title":{"rendered":"Collier en Turquoise Bleue Ronde (Plusieurs Tailles) et en Argent Sterling"},"content":{"rendered":"<p>Ce magnifique collier de turquoises bleues ne passe jamais inaper\u00e7u. Il comporte des pierres turquoises rondes de 4, 6, 8 et 10 mm qui lui conf\u00e8rent un style intemporel. Serti en argent, le collier p\u00e8se 31 grammes et mesure 45 cm de long avec une cha\u00eene suppl\u00e9mentaire r\u00e9glable de 4 cm. Le fermoir en forme de homard garantit que le collier restera toujours bien en place.<\/p>\n<p>Un collier de perles turquoise serait un accessoire parfait pour ajouter une touche de couleur \u00e0 n&rsquo;importe quelle tenue. La combinaison des pierres turquoises bleues et de l&rsquo;argent sterling lui conf\u00e8re un look boh\u00e8me unique qui convient aussi bien aux occasions d\u00e9contract\u00e9es qu&rsquo;habill\u00e9es. Ce collier est tout simplement un aimant \u00e0 compliments.<\/p>\n<p>La turquoise est une pierre utilis\u00e9e depuis des si\u00e8cles pour la fabrication de bijoux et d&rsquo;autres articles de d\u00e9coration. On lui attribue des propri\u00e9t\u00e9s curatives et on pense qu&rsquo;il apporte chance et protection \u00e0 celui qui le porte. On dit \u00e9galement qu&rsquo;elle apporte courage et force, ce qui en fait la pi\u00e8ce id\u00e9ale pour quiconque a besoin d&rsquo;un regain de confiance.<\/p>\n<p>Vous \u00eates \u00e0 quelques pas d&rsquo;avoir ce magnifique bijou \u00e0 votre cou. Vous pouvez \u00e9galement compl\u00e9ter ce look avec un bracelet, une paire de boucles d&rsquo;oreilles et une bague turquoise de notre collection.<\/p>\n","protected":false},"excerpt":{"rendered":"<p>Ce magnifique collier de turquoises bleues ne passe jamais inaper\u00e7u. Il comporte des pierres turquoises rondes de 4, 6, 8 et 10 mm qui lui conf\u00e8rent un style intemporel. Serti en argent, le collier p\u00e8se 31 grammes et mesure 45 cm de long avec une cha\u00eene suppl\u00e9mentaire r\u00e9glable de 4 cm. Le fermoir en forme&#8230;<\/p>\n","protected":false},"featured_media":5555,"template":"","meta":{"rank_math_lock_modified_date":false},"product_cat":[155,103,259],"product_tag":[],"class_list":{"0":"post-7880","1":"product","2":"type-product","3":"status-publish","4":"has-post-thumbnail","6":"product_cat-bijoux-turquoise","7":"product_cat-collier-pierre-naturelle","8":"product_cat-elasaro-favoris","10":"first","11":"outofstock","12":"shipping-taxable","13":"purchasable","14":"product-type-simple"},"_links":{"self":[{"href":"https:\/\/elasaro.com\/fr\/wp-json\/wp\/v2\/product\/7880","targetHints":{"allow":["GET"]}}],"collection":[{"href":"https:\/\/elasaro.com\/fr\/wp-json\/wp\/v2\/product"}],"about":[{"href":"https:\/\/elasaro.com\/fr\/wp-json\/wp\/v2\/types\/product"}],"wp:featuredmedia":[{"embeddable":true,"href":"https:\/\/elasaro.com\/fr\/wp-json\/wp\/v2\/media\/5555"}],"wp:attachment":[{"href":"https:\/\/elasaro.com\/fr\/wp-json\/wp\/v2\/media?parent=7880"}],"wp:term":[{"taxonomy":"product_cat","embeddable":true,"href":"https:\/\/elasaro.com\/fr\/wp-json\/wp\/v2\/product_cat?post=7880"},{"taxonomy":"product_tag","embeddable":true,"href":"https:\/\/elasaro.com\/fr\/wp-json\/wp\/v2\/product_tag?post=7880"}],"curies":[{"name":"wp","href":"https:\/\/api.w.org\/{rel}","templated":true}]}}