{"id":7881,"date":"2023-01-08T23:51:06","date_gmt":"2023-02-15T23:02:38","guid":{"rendered":"https:\/\/elasaro.com\/product\/boucles-doreille-goutte-facette-turquoise-pendentif-cerceau-argent-sterling\/"},"modified":"2023-08-09T11:49:50","modified_gmt":"2023-08-09T11:49:50","slug":"boucles-doreille-goutte-facette-turquoise-pendentif-cerceau-argent-sterling","status":"publish","type":"product","link":"https:\/\/elasaro.com\/fr\/produit\/boucles-doreille-goutte-facette-turquoise-pendentif-cerceau-argent-sterling\/","title":{"rendered":"Boucles d\u2019Oreilles Cr\u00e9oles Pendantes en Turquoise Bleue Ronde \u00e0 Facettes et en Argent Sterling"},"content":{"rendered":"<p>Ces boucles d&rsquo;oreilles cr\u00e9oles en turquoise sont une addition superbe \u00e0 toute bo\u00eete \u00e0 bijoux. Les boucles d&rsquo;oreilles comportent des pierres turquoises rondes de 4 mm et des pierres turquoises en forme de goutte de 6&#215;10 mm, serties en argent sterling. Le fermoir dormeuse assure que les boucles d&rsquo;oreilles restent bien en place, tandis que le pendentif ajoute une touche de mouvement au look g\u00e9n\u00e9ral. Chaque boucle d&rsquo;oreille mesure 45x21mm et p\u00e8se 4.2gr.<\/p>\n<p>Les pierres bleues turquoise sont polyvalentes et s&rsquo;accordent avec la plupart des styles et couleurs de v\u00eatements. Elles sont donc parfaites pour toute occasion, qu&rsquo;il s&rsquo;agisse d&rsquo;un \u00e9v\u00e9nement formel ou d&rsquo;une journ\u00e9e d\u00e9contract\u00e9e. La couleur bleue peut s&rsquo;accorder avec n&rsquo;importe quelle garde-robe. Le design pendentif cerceau est l&rsquo;un des pr\u00e9f\u00e9r\u00e9s de notre communaut\u00e9, et la combinaison unique des pierres rondes et en forme de goutte rend ces boucles d&rsquo;oreilles exceptionnelles.<\/p>\n<p>La turquoise est cens\u00e9e avoir des propri\u00e9t\u00e9s curatives et est souvent associ\u00e9e \u00e0 la chance et \u00e0 la prosp\u00e9rit\u00e9. Historiquement, elle a \u00e9t\u00e9 utilis\u00e9e en bijouterie et dans d&rsquo;autres objets d\u00e9coratifs par de nombreuses cultures anciennes, notamment les \u00c9gyptiens et les Am\u00e9rindiens. On dit aussi que la turquoise a des propri\u00e9t\u00e9s spirituelles, qu&rsquo;elle favorise la communication et l&rsquo;expression de soi et qu&rsquo;elle \u00e9quilibre les \u00e9motions.<\/p>\n<p>Ces boucles d&rsquo;oreilles seront \u00e0 coup s\u00fbr le clou de vos tenues. Vous devriez vous faire plaisir, vous serez heureux de votre choix ! Vous pouvez \u00e9galement les associer \u00e0 un bracelet, un collier et une bague turquoise d&rsquo;Elasaro.<\/p>\n","protected":false},"excerpt":{"rendered":"<p>Ces boucles d&rsquo;oreilles cr\u00e9oles en turquoise sont une addition superbe \u00e0 toute bo\u00eete \u00e0 bijoux. Les boucles d&rsquo;oreilles comportent des pierres turquoises rondes de 4 mm et des pierres turquoises en forme de goutte de 6&#215;10 mm, serties en argent sterling. Le fermoir dormeuse assure que les boucles d&rsquo;oreilles restent bien en place, tandis que&#8230;<\/p>\n","protected":false},"featured_media":5548,"template":"","meta":{"rank_math_lock_modified_date":false},"product_cat":[155,99,259],"product_tag":[],"class_list":{"0":"post-7881","1":"product","2":"type-product","3":"status-publish","4":"has-post-thumbnail","6":"product_cat-bijoux-turquoise","7":"product_cat-boucle-doreille-pierre-naturelle","8":"product_cat-elasaro-favoris","10":"first","11":"instock","12":"shipping-taxable","13":"purchasable","14":"product-type-simple"},"_links":{"self":[{"href":"https:\/\/elasaro.com\/fr\/wp-json\/wp\/v2\/product\/7881","targetHints":{"allow":["GET"]}}],"collection":[{"href":"https:\/\/elasaro.com\/fr\/wp-json\/wp\/v2\/product"}],"about":[{"href":"https:\/\/elasaro.com\/fr\/wp-json\/wp\/v2\/types\/product"}],"wp:featuredmedia":[{"embeddable":true,"href":"https:\/\/elasaro.com\/fr\/wp-json\/wp\/v2\/media\/5548"}],"wp:attachment":[{"href":"https:\/\/elasaro.com\/fr\/wp-json\/wp\/v2\/media?parent=7881"}],"wp:term":[{"taxonomy":"product_cat","embeddable":true,"href":"https:\/\/elasaro.com\/fr\/wp-json\/wp\/v2\/product_cat?post=7881"},{"taxonomy":"product_tag","embeddable":true,"href":"https:\/\/elasaro.com\/fr\/wp-json\/wp\/v2\/product_tag?post=7881"}],"curies":[{"name":"wp","href":"https:\/\/api.w.org\/{rel}","templated":true}]}}