{"id":7887,"date":"2023-01-21T18:16:17","date_gmt":"2023-02-16T00:43:11","guid":{"rendered":"https:\/\/elasaro.com\/product\/boucles-oreilles-pendantes-rhodonite-rose-pastel-ronde-facettes-argent-sterling\/"},"modified":"2023-08-10T11:04:43","modified_gmt":"2023-08-10T11:04:43","slug":"boucles-oreilles-pendantes-rhodonite-rose-pastel-ronde-facettes-argent-sterling","status":"publish","type":"product","link":"https:\/\/elasaro.com\/fr\/produit\/boucles-oreilles-pendantes-rhodonite-rose-pastel-ronde-facettes-argent-sterling\/","title":{"rendered":"Boucles d\u2019Oreilles Pendantes En Rhodonite Rose Pastel Ronde A Facettes Et En Argent Sterling"},"content":{"rendered":"<p>Nous adorons le design de nos boucles d&rsquo;oreilles pendantes et tombantes \u00e0 3 niveaux, qui se marie parfaitement avec les rhodonites. Ces boucles d&rsquo;oreilles sont assembl\u00e9es en argent sterling et comportent un ensemble de 3 pierres rhodonites rondes \u00e0 facettes. Elles mesurent 48x6cm mais ne p\u00e8sent que 3,2gr et sont tr\u00e8s confortables \u00e0 porter. Nous avons opt\u00e9 pour le fermoir Dormeuse afin qu&rsquo;elles restent toujours bien en place.<\/p>\n<p>La magnifique couleur rose pastel des pierres fait que ces boucles d&rsquo;oreilles se d\u00e9marquent et deviennent rapidement un sujet de conversation. Elles ajoutent une touche de couleur et de f\u00e9minit\u00e9 \u00e0 toute tenue, et vous pouvez les porter aussi bien pour des occasions d\u00e9contract\u00e9es que pour des \u00e9v\u00e9nements sp\u00e9ciaux. Elles sont \u00e9l\u00e9gantes sans forcer.<\/p>\n<p>La rhodonite est associ\u00e9e \u00e0 la compassion et au pardon, ce qui en fait l&rsquo;une des meilleures pierres semi-pr\u00e9cieuses \u00e0 porter pour gu\u00e9rir d&rsquo;une blessure \u00e9motionnelle. Porter ces bijoux est un excellent moyen d&rsquo;exploiter ces pouvoirs de gu\u00e9rison \u00e9motionnelle tout en restant fabuleux.<\/p>\n<p>C&rsquo;est le moment de se faire plaisir ! Compl\u00e9tez l&rsquo;ensemble avec un collier et un bracelet en rhodonite.<\/p>\n","protected":false},"excerpt":{"rendered":"<p>Nous adorons le design de nos boucles d&rsquo;oreilles pendantes et tombantes \u00e0 3 niveaux, qui se marie parfaitement avec les rhodonites. Ces boucles d&rsquo;oreilles sont assembl\u00e9es en argent sterling et comportent un ensemble de 3 pierres rhodonites rondes \u00e0 facettes. Elles mesurent 48x6cm mais ne p\u00e8sent que 3,2gr et sont tr\u00e8s confortables \u00e0 porter. Nous&#8230;<\/p>\n","protected":false},"featured_media":12009,"template":"","meta":{"rank_math_lock_modified_date":false},"product_cat":[146,99,259],"product_tag":[],"class_list":{"0":"post-7887","1":"product","2":"type-product","3":"status-publish","4":"has-post-thumbnail","6":"product_cat-bijoux-rhodonite","7":"product_cat-boucle-doreille-pierre-naturelle","8":"product_cat-elasaro-favoris","10":"first","11":"instock","12":"shipping-taxable","13":"purchasable","14":"product-type-simple"},"_links":{"self":[{"href":"https:\/\/elasaro.com\/fr\/wp-json\/wp\/v2\/product\/7887","targetHints":{"allow":["GET"]}}],"collection":[{"href":"https:\/\/elasaro.com\/fr\/wp-json\/wp\/v2\/product"}],"about":[{"href":"https:\/\/elasaro.com\/fr\/wp-json\/wp\/v2\/types\/product"}],"wp:featuredmedia":[{"embeddable":true,"href":"https:\/\/elasaro.com\/fr\/wp-json\/wp\/v2\/media\/12009"}],"wp:attachment":[{"href":"https:\/\/elasaro.com\/fr\/wp-json\/wp\/v2\/media?parent=7887"}],"wp:term":[{"taxonomy":"product_cat","embeddable":true,"href":"https:\/\/elasaro.com\/fr\/wp-json\/wp\/v2\/product_cat?post=7887"},{"taxonomy":"product_tag","embeddable":true,"href":"https:\/\/elasaro.com\/fr\/wp-json\/wp\/v2\/product_tag?post=7887"}],"curies":[{"name":"wp","href":"https:\/\/api.w.org\/{rel}","templated":true}]}}