{"id":7888,"date":"2023-01-21T14:41:38","date_gmt":"2023-02-16T00:51:30","guid":{"rendered":"https:\/\/elasaro.com\/product\/bracelet-rhodonite-rose-pastel-ronde-facettes-perles-brillantes-argent-sterling\/"},"modified":"2023-08-10T11:04:54","modified_gmt":"2023-08-10T11:04:54","slug":"bracelet-rhodonite-rose-pastel-ronde-facettes-perles-brillantes-argent-sterling","status":"publish","type":"product","link":"https:\/\/elasaro.com\/fr\/produit\/bracelet-rhodonite-rose-pastel-ronde-facettes-perles-brillantes-argent-sterling\/","title":{"rendered":"Bracelet en Rhodonite Rose Pastel Ronde \u00e0 Facettes et en Argent Sterling"},"content":{"rendered":"<p>Ce magnifique bracelet est compos\u00e9 de pierres rhodonite rose pastel, auxquelles nous avons ajout\u00e9 des perles brillantes et des coupelles de perles en argent sterling. Il comporte des pierres rhodonites rondes \u00e0 facettes de 6 mm, dont une de 8 mm au point central du bracelet, entour\u00e9es de perles rondes en argent de 5 mm. Le bracelet mesure 15,5 cm de long et peut \u00eatre ajust\u00e9 \u00e0 l&rsquo;aide de sa cha\u00eene d&rsquo;extension de 4 cm pour trouver la taille parfaite. Il ne p\u00e8se que 9,43gr, et le fermoir mousqueton le maintiendra solidement attach\u00e9 \u00e0 sa place.<\/p>\n<p>Vous pouvez ajouter une touche de f\u00e9minit\u00e9 et d&rsquo;\u00e9l\u00e9gance avec ce superbe bracelet en rhodonite. Ses d\u00e9licats tons pastel s&rsquo;accordent avec toutes les tenues, et les perles brillantes argent\u00e9es apportent une touche vintage. C&rsquo;est le genre de bijou qui donne de l&rsquo;\u00e9clat \u00e0 l&rsquo;ensemble du look.<\/p>\n<p>On dit de la rhodonite qu&rsquo;elle est une pierre d&rsquo;amour et de compassion, qui apporte la gu\u00e9rison et l&rsquo;\u00e9quilibre \u00e9motionnels. On pense qu&rsquo;elle nous aide \u00e0 ouvrir notre c\u0153ur et \u00e0 nous connecter aux autres sur le plan \u00e9motionnel, ce qui en fait un alli\u00e9 puissant pour les relations avec nous-m\u00eames et avec ceux qui nous sont chers.<\/p>\n<p>Vous allez absolument adorer ce bracelet ! Vous pouvez \u00e9galement le compl\u00e9ter avec un collier et une paire de boucles d&rsquo;oreilles de notre collection de rhodonite.<\/p>\n","protected":false},"excerpt":{"rendered":"<p>Ce magnifique bracelet est compos\u00e9 de pierres rhodonite rose pastel, auxquelles nous avons ajout\u00e9 des perles brillantes et des coupelles de perles en argent sterling. Il comporte des pierres rhodonites rondes \u00e0 facettes de 6 mm, dont une de 8 mm au point central du bracelet, entour\u00e9es de perles rondes en argent de 5 mm&#8230;.<\/p>\n","protected":false},"featured_media":5998,"template":"","meta":{"rank_math_lock_modified_date":false},"product_cat":[146,95,259],"product_tag":[],"class_list":{"0":"post-7888","1":"product","2":"type-product","3":"status-publish","4":"has-post-thumbnail","6":"product_cat-bijoux-rhodonite","7":"product_cat-bracelet-pierre-naturelle","8":"product_cat-elasaro-favoris","10":"first","11":"instock","12":"shipping-taxable","13":"purchasable","14":"product-type-simple"},"_links":{"self":[{"href":"https:\/\/elasaro.com\/fr\/wp-json\/wp\/v2\/product\/7888","targetHints":{"allow":["GET"]}}],"collection":[{"href":"https:\/\/elasaro.com\/fr\/wp-json\/wp\/v2\/product"}],"about":[{"href":"https:\/\/elasaro.com\/fr\/wp-json\/wp\/v2\/types\/product"}],"wp:featuredmedia":[{"embeddable":true,"href":"https:\/\/elasaro.com\/fr\/wp-json\/wp\/v2\/media\/5998"}],"wp:attachment":[{"href":"https:\/\/elasaro.com\/fr\/wp-json\/wp\/v2\/media?parent=7888"}],"wp:term":[{"taxonomy":"product_cat","embeddable":true,"href":"https:\/\/elasaro.com\/fr\/wp-json\/wp\/v2\/product_cat?post=7888"},{"taxonomy":"product_tag","embeddable":true,"href":"https:\/\/elasaro.com\/fr\/wp-json\/wp\/v2\/product_tag?post=7888"}],"curies":[{"name":"wp","href":"https:\/\/api.w.org\/{rel}","templated":true}]}}