{"id":7889,"date":"2023-01-10T00:41:33","date_gmt":"2023-02-16T01:00:21","guid":{"rendered":"https:\/\/elasaro.com\/product\/collier-y-rhodonite-rose-pastel-ronde-facettes-argent-sterling\/"},"modified":"2023-08-10T11:20:40","modified_gmt":"2023-08-10T11:20:40","slug":"collier-y-rhodonite-rose-pastel-ronde-facettes-argent-sterling","status":"publish","type":"product","link":"https:\/\/elasaro.com\/fr\/produit\/collier-y-rhodonite-rose-pastel-ronde-facettes-argent-sterling\/","title":{"rendered":"Collier En Y En Rhodonite Rose Pastel Ronde A Facettes Et En Argent Sterling"},"content":{"rendered":"<p>Nous avons assembl\u00e9 ce magnifique collier de rhodonite dans le style Lariat. Il comporte des pierres rhodonite rondes \u00e0 facettes de 6 mm. Nous avons ajout\u00e9 des perles brillantes en argent sterling de 5 mm et des maillons de cha\u00eene sur la partie pendentif pour le rendre un peu plus unique. Le collier mesure 47 cm de long, avec une cha\u00eene suppl\u00e9mentaire r\u00e9glable de 4 cm. Quant au pendentif, sa longueur est de 8 cm. Il p\u00e8se 29,78gr et poss\u00e8de un fermoir mousqueton qui le maintiendra fermement en place.<\/p>\n<p>Les pierres de rhodonite rose pastel sont tr\u00e8s f\u00e9minines. En combinant le design moderne du collier en Y, les pierres de rhodonite et les perles d&rsquo;argent \u00e9tincelantes, nous obtenons un collier original et accrocheur. Son \u00e9l\u00e9gance et sa simplicit\u00e9 le rendent compatible avec diff\u00e9rents styles et couleurs.<\/p>\n<p>La rhodonite est r\u00e9put\u00e9e pour apporter un \u00e9quilibre \u00e9motionnel. Elle favorise la force mentale et prot\u00e8ge contre les \u00e9nergies n\u00e9gatives.<\/p>\n<p>Chaque femme a besoin d&rsquo;un collier lariat dans sa bo\u00eete \u00e0 bijoux, et cette pi\u00e8ce est un excellent choix. Vous pouvez \u00e9galement compl\u00e9ter ce look avec un bracelet en rhodonite ou une paire de boucles d&rsquo;oreilles d&rsquo;Elasaro.<\/p>\n","protected":false},"excerpt":{"rendered":"<p>Nous avons assembl\u00e9 ce magnifique collier de rhodonite dans le style Lariat. Il comporte des pierres rhodonite rondes \u00e0 facettes de 6 mm. Nous avons ajout\u00e9 des perles brillantes en argent sterling de 5 mm et des maillons de cha\u00eene sur la partie pendentif pour le rendre un peu plus unique. Le collier mesure 47&#8230;<\/p>\n","protected":false},"featured_media":5644,"template":"","meta":{"rank_math_lock_modified_date":false},"product_cat":[146,103,259],"product_tag":[],"class_list":{"0":"post-7889","1":"product","2":"type-product","3":"status-publish","4":"has-post-thumbnail","6":"product_cat-bijoux-rhodonite","7":"product_cat-collier-pierre-naturelle","8":"product_cat-elasaro-favoris","10":"first","11":"instock","12":"shipping-taxable","13":"purchasable","14":"product-type-simple"},"_links":{"self":[{"href":"https:\/\/elasaro.com\/fr\/wp-json\/wp\/v2\/product\/7889","targetHints":{"allow":["GET"]}}],"collection":[{"href":"https:\/\/elasaro.com\/fr\/wp-json\/wp\/v2\/product"}],"about":[{"href":"https:\/\/elasaro.com\/fr\/wp-json\/wp\/v2\/types\/product"}],"wp:featuredmedia":[{"embeddable":true,"href":"https:\/\/elasaro.com\/fr\/wp-json\/wp\/v2\/media\/5644"}],"wp:attachment":[{"href":"https:\/\/elasaro.com\/fr\/wp-json\/wp\/v2\/media?parent=7889"}],"wp:term":[{"taxonomy":"product_cat","embeddable":true,"href":"https:\/\/elasaro.com\/fr\/wp-json\/wp\/v2\/product_cat?post=7889"},{"taxonomy":"product_tag","embeddable":true,"href":"https:\/\/elasaro.com\/fr\/wp-json\/wp\/v2\/product_tag?post=7889"}],"curies":[{"name":"wp","href":"https:\/\/api.w.org\/{rel}","templated":true}]}}