{"id":7891,"date":"2022-10-16T11:25:54","date_gmt":"2023-02-16T01:09:19","guid":{"rendered":"https:\/\/elasaro.com\/product\/collier-chaine-ras-du-cou-rhodonite-rose-ronde-facettes-argent-sterling\/"},"modified":"2023-08-09T12:07:23","modified_gmt":"2023-08-09T12:07:23","slug":"collier-chaine-ras-du-cou-rhodonite-rose-ronde-facettes-argent-sterling","status":"publish","type":"product","link":"https:\/\/elasaro.com\/fr\/produit\/collier-chaine-ras-du-cou-rhodonite-rose-ronde-facettes-argent-sterling\/","title":{"rendered":"Collier Cha\u00eene et Perles Ras du Cou en Rhodonite Rose Pastel Ronde \u00e0 Facettes et en Argent Sterling"},"content":{"rendered":"<p>Description \u00e0 venir<\/p>\n","protected":false},"excerpt":{"rendered":"<p>Description \u00e0 venir<\/p>\n","protected":false},"featured_media":7458,"template":"","meta":{"rank_math_lock_modified_date":false},"product_cat":[146,103],"product_tag":[],"class_list":{"0":"post-7891","1":"product","2":"type-product","3":"status-publish","4":"has-post-thumbnail","6":"product_cat-bijoux-rhodonite","7":"product_cat-collier-pierre-naturelle","9":"first","10":"instock","11":"shipping-taxable","12":"purchasable","13":"product-type-simple"},"_links":{"self":[{"href":"https:\/\/elasaro.com\/fr\/wp-json\/wp\/v2\/product\/7891","targetHints":{"allow":["GET"]}}],"collection":[{"href":"https:\/\/elasaro.com\/fr\/wp-json\/wp\/v2\/product"}],"about":[{"href":"https:\/\/elasaro.com\/fr\/wp-json\/wp\/v2\/types\/product"}],"wp:featuredmedia":[{"embeddable":true,"href":"https:\/\/elasaro.com\/fr\/wp-json\/wp\/v2\/media\/7458"}],"wp:attachment":[{"href":"https:\/\/elasaro.com\/fr\/wp-json\/wp\/v2\/media?parent=7891"}],"wp:term":[{"taxonomy":"product_cat","embeddable":true,"href":"https:\/\/elasaro.com\/fr\/wp-json\/wp\/v2\/product_cat?post=7891"},{"taxonomy":"product_tag","embeddable":true,"href":"https:\/\/elasaro.com\/fr\/wp-json\/wp\/v2\/product_tag?post=7891"}],"curies":[{"name":"wp","href":"https:\/\/api.w.org\/{rel}","templated":true}]}}