{"id":8650,"date":"2022-10-15T16:38:03","date_gmt":"2023-02-21T23:48:42","guid":{"rendered":"https:\/\/elasaro.com\/product\/collier-perle-blanche-ronde-asymetrique-argent-sterling\/"},"modified":"2023-08-09T12:14:53","modified_gmt":"2023-08-09T12:14:53","slug":"collier-perle-blanche-ronde-asymetrique-argent-sterling","status":"publish","type":"product","link":"https:\/\/elasaro.com\/fr\/produit\/collier-perle-blanche-ronde-asymetrique-argent-sterling\/","title":{"rendered":"Collier en Perle Blanche Ronde Asym\u00e9trique et en Argent Sterling"},"content":{"rendered":"<p>Si vous \u00eates \u00e0 la recherche d&rsquo;un bijou \u00e9l\u00e9gant et chic qui fera remarquer votre pr\u00e9sence, ce collier de perles blanches est fait pour vous ! Il mesure 42 cm de long avec une cha\u00eene r\u00e9glable de 4 cm en argent sterling et comporte des perles rondes asym\u00e9triques de 12-13 mm. Cela rend chaque collier unique en son genre. Le fermoir mousqueton le maintiendra fermement en place pour votre tranquillit\u00e9 d&rsquo;esprit.<\/p>\n<p>Vous pouvez porter ce superbe collier avec votre tenue de soir\u00e9e et faire tourner les t\u00eates lors de votre soir\u00e9e, d&rsquo;un mariage ou de toute autre occasion sp\u00e9ciale. Les perles ressortent avec des couleurs plus sombres et un maquillage subtil. Elles ont \u00e9galement un \u00e9clat unique sous la lumi\u00e8re avec diff\u00e9rentes nuances. Nous vous sugg\u00e9rons de compl\u00e9ter ce look avec des boucles d&rsquo;oreilles assorties et un bracelet de notre collection de perles.<\/p>\n<p>Outre leur aspect, les perles sont \u00e9galement connues pour leurs propri\u00e9t\u00e9s remarquables. Elles vous accorderont l&rsquo;abondance, la tranquillit\u00e9 et la prosp\u00e9rit\u00e9.<\/p>\n<p>Chaque femme doit avoir un bijou unique \u00e0 porter lors des occasions sp\u00e9ciales ! Ce collier est le choix id\u00e9al.<\/p>\n","protected":false},"excerpt":{"rendered":"<p>Si vous \u00eates \u00e0 la recherche d&rsquo;un bijou \u00e9l\u00e9gant et chic qui fera remarquer votre pr\u00e9sence, ce collier de perles blanches est fait pour vous ! Il mesure 42 cm de long avec une cha\u00eene r\u00e9glable de 4 cm en argent sterling et comporte des perles rondes asym\u00e9triques de 12-13 mm. Cela rend chaque collier&#8230;<\/p>\n","protected":false},"featured_media":7999,"template":"","meta":{"rank_math_lock_modified_date":false},"product_cat":[143,103,259],"product_tag":[],"class_list":{"0":"post-8650","1":"product","2":"type-product","3":"status-publish","4":"has-post-thumbnail","6":"product_cat-bijoux-en-perles","7":"product_cat-collier-pierre-naturelle","8":"product_cat-elasaro-favoris","10":"first","11":"outofstock","12":"shipping-taxable","13":"purchasable","14":"product-type-simple"},"_links":{"self":[{"href":"https:\/\/elasaro.com\/fr\/wp-json\/wp\/v2\/product\/8650","targetHints":{"allow":["GET"]}}],"collection":[{"href":"https:\/\/elasaro.com\/fr\/wp-json\/wp\/v2\/product"}],"about":[{"href":"https:\/\/elasaro.com\/fr\/wp-json\/wp\/v2\/types\/product"}],"wp:featuredmedia":[{"embeddable":true,"href":"https:\/\/elasaro.com\/fr\/wp-json\/wp\/v2\/media\/7999"}],"wp:attachment":[{"href":"https:\/\/elasaro.com\/fr\/wp-json\/wp\/v2\/media?parent=8650"}],"wp:term":[{"taxonomy":"product_cat","embeddable":true,"href":"https:\/\/elasaro.com\/fr\/wp-json\/wp\/v2\/product_cat?post=8650"},{"taxonomy":"product_tag","embeddable":true,"href":"https:\/\/elasaro.com\/fr\/wp-json\/wp\/v2\/product_tag?post=8650"}],"curies":[{"name":"wp","href":"https:\/\/api.w.org\/{rel}","templated":true}]}}