{"id":8652,"date":"2022-10-15T20:56:43","date_gmt":"2023-02-22T00:43:46","guid":{"rendered":"https:\/\/elasaro.com\/product\/collier-perle-rose-brumeuse-cabochon-ronde-cristaux-zircone-cubique-argent-sterling\/"},"modified":"2023-08-09T12:10:18","modified_gmt":"2023-08-09T12:10:18","slug":"collier-perle-rose-brumeuse-cabochon-ronde-cristaux-zircone-cubique-argent-sterling","status":"publish","type":"product","link":"https:\/\/elasaro.com\/fr\/produit\/collier-perle-rose-brumeuse-cabochon-ronde-cristaux-zircone-cubique-argent-sterling\/","title":{"rendered":"Collier Pendentif en Perle Rose Brumeuse Cabochon Ronde avec des Cristaux de Zircone Cubique et en Argent Sterling"},"content":{"rendered":"<p>Ce collier \u00e0 pendentif pr\u00e9sente une magnifique perle rose brumeuse entour\u00e9e de cristaux de zircone cubique scintillants. C&rsquo;est l&rsquo;un de nos pr\u00e9f\u00e9r\u00e9s. Il p\u00e8se 5.54gr et poss\u00e8de un joli pendentif en forme de fleur (32mm) en argent sterling. Au centre du pendentif, nous avons plac\u00e9 une perle cabochon ronde de 7~8&#215;6.5~7mm. La cha\u00eene en argent sterling mesure 39 cm et elle est r\u00e9glable sur 4cm additionnelles. Le fermoir mousqueton robuste permet au collier de rester fermement en place \u00e0 tout moment.<\/p>\n<p>Ce collier \u00e9blouissant est id\u00e9al pour la plupart des occasions et fera tourner les t\u00eates lors d&rsquo;\u00e9v\u00e9nements chics. Portez-le avec une robe de soir\u00e9e \u00e9l\u00e9gante ou une jolie robe d&rsquo;\u00e9t\u00e9, un maquillage l\u00e9ger et une jolie coiffure minimaliste.<\/p>\n<p>Les perles sont connues pour leurs excellentes propri\u00e9t\u00e9s, qui insufflent confiance en soi et calme \u00e0 celui qui les porte. Elles sont un must-have dans chaque bo\u00eete \u00e0 bijoux !<\/p>\n<p>Alors, ne manquez pas l&rsquo;occasion de passer votre commande aujourd&rsquo;hui et de vous distinguer avec ce collier unique ! Nous vous sugg\u00e9rons \u00e9galement de compl\u00e9ter ce look avec un bracelet, une bague ou des boucles d&rsquo;oreilles assortis, issus de notre superbe collection de bijoux en perles.<\/p>\n","protected":false},"excerpt":{"rendered":"<p>Ce collier \u00e0 pendentif pr\u00e9sente une magnifique perle rose brumeuse entour\u00e9e de cristaux de zircone cubique scintillants. C&rsquo;est l&rsquo;un de nos pr\u00e9f\u00e9r\u00e9s. Il p\u00e8se 5.54gr et poss\u00e8de un joli pendentif en forme de fleur (32mm) en argent sterling. Au centre du pendentif, nous avons plac\u00e9 une perle cabochon ronde de 7~8&#215;6.5~7mm. La cha\u00eene en argent&#8230;<\/p>\n","protected":false},"featured_media":7250,"template":"","meta":{"rank_math_lock_modified_date":false},"product_cat":[143,103,259],"product_tag":[],"class_list":{"0":"post-8652","1":"product","2":"type-product","3":"status-publish","4":"has-post-thumbnail","6":"product_cat-bijoux-en-perles","7":"product_cat-collier-pierre-naturelle","8":"product_cat-elasaro-favoris","10":"first","11":"instock","12":"shipping-taxable","13":"purchasable","14":"product-type-variable","15":"has-default-attributes"},"_links":{"self":[{"href":"https:\/\/elasaro.com\/fr\/wp-json\/wp\/v2\/product\/8652","targetHints":{"allow":["GET"]}}],"collection":[{"href":"https:\/\/elasaro.com\/fr\/wp-json\/wp\/v2\/product"}],"about":[{"href":"https:\/\/elasaro.com\/fr\/wp-json\/wp\/v2\/types\/product"}],"wp:featuredmedia":[{"embeddable":true,"href":"https:\/\/elasaro.com\/fr\/wp-json\/wp\/v2\/media\/7250"}],"wp:attachment":[{"href":"https:\/\/elasaro.com\/fr\/wp-json\/wp\/v2\/media?parent=8652"}],"wp:term":[{"taxonomy":"product_cat","embeddable":true,"href":"https:\/\/elasaro.com\/fr\/wp-json\/wp\/v2\/product_cat?post=8652"},{"taxonomy":"product_tag","embeddable":true,"href":"https:\/\/elasaro.com\/fr\/wp-json\/wp\/v2\/product_tag?post=8652"}],"curies":[{"name":"wp","href":"https:\/\/api.w.org\/{rel}","templated":true}]}}