{"id":8656,"date":"2022-10-10T21:12:36","date_gmt":"2023-02-22T01:20:16","guid":{"rendered":"https:\/\/elasaro.com\/product\/boucles-oreilles-pendantes-perle-ovale-asymetrique-argent-sterling\/"},"modified":"2023-08-09T12:31:59","modified_gmt":"2023-08-09T12:31:59","slug":"boucles-oreilles-pendantes-perle-ovale-asymetrique-argent-sterling","status":"publish","type":"product","link":"https:\/\/elasaro.com\/fr\/produit\/boucles-oreilles-pendantes-perle-ovale-asymetrique-argent-sterling\/","title":{"rendered":"Boucles d&rsquo;Oreilles Pendantes En Perle P\u00eache Ovale Asym\u00e9trique Et En Argent Sterling"},"content":{"rendered":"<p>Les boucles d&rsquo;oreilles en perles ont quelque chose de charmant. Et nos boucles d&rsquo;oreilles tombantes en perles de couleur p\u00eache en sont la preuve. Elles mesurent 54x10mm de long et sont accompagn\u00e9es de perles ovales asym\u00e9triques de 10x13mm. Il s&rsquo;agit de boucles d&rsquo;oreilles d\u00e9licates en argent sterling qui ne p\u00e8sent que 3,98gr. De plus, le fermoir dormeuse les maintiendra fermement en place.<\/p>\n<p>Vous pouvez porter ces boucles d&rsquo;oreilles pendantes avec de jolies robes lors de vos sorties ou des mariages, surtout si vous optez pour un look mignon. Elles sont absolument \u00e9blouissantes avec des tenues aux couleurs douces ainsi qu&rsquo;un maquillage et une coiffure subtils.<\/p>\n<p>Outre le style, les perles peuvent \u00e9galement stabiliser vos \u00e9motions et g\u00e9rer vos angoisses. Elles vous aideront \u00e0 rester calme dans les situations chaotiques et vous donnerons l&rsquo;apparence d&rsquo;une personne mature.<\/p>\n<p>Vous pouvez compl\u00e9ter ce look avec des bijoux en perles assortis de notre collection ! Ces magnifiques boucles d&rsquo;oreilles peuvent \u00eatre \u00e0 vous en quelques clics.<\/p>\n","protected":false},"excerpt":{"rendered":"<p>Les boucles d&rsquo;oreilles en perles ont quelque chose de charmant. Et nos boucles d&rsquo;oreilles tombantes en perles de couleur p\u00eache en sont la preuve. Elles mesurent 54x10mm de long et sont accompagn\u00e9es de perles ovales asym\u00e9triques de 10x13mm. Il s&rsquo;agit de boucles d&rsquo;oreilles d\u00e9licates en argent sterling qui ne p\u00e8sent que 3,98gr. De plus, le&#8230;<\/p>\n","protected":false},"featured_media":7518,"template":"","meta":{"rank_math_lock_modified_date":false},"product_cat":[143,99,259],"product_tag":[],"class_list":{"0":"post-8656","1":"product","2":"type-product","3":"status-publish","4":"has-post-thumbnail","6":"product_cat-bijoux-en-perles","7":"product_cat-boucle-doreille-pierre-naturelle","8":"product_cat-elasaro-favoris","10":"first","11":"instock","12":"shipping-taxable","13":"purchasable","14":"product-type-simple"},"_links":{"self":[{"href":"https:\/\/elasaro.com\/fr\/wp-json\/wp\/v2\/product\/8656","targetHints":{"allow":["GET"]}}],"collection":[{"href":"https:\/\/elasaro.com\/fr\/wp-json\/wp\/v2\/product"}],"about":[{"href":"https:\/\/elasaro.com\/fr\/wp-json\/wp\/v2\/types\/product"}],"wp:featuredmedia":[{"embeddable":true,"href":"https:\/\/elasaro.com\/fr\/wp-json\/wp\/v2\/media\/7518"}],"wp:attachment":[{"href":"https:\/\/elasaro.com\/fr\/wp-json\/wp\/v2\/media?parent=8656"}],"wp:term":[{"taxonomy":"product_cat","embeddable":true,"href":"https:\/\/elasaro.com\/fr\/wp-json\/wp\/v2\/product_cat?post=8656"},{"taxonomy":"product_tag","embeddable":true,"href":"https:\/\/elasaro.com\/fr\/wp-json\/wp\/v2\/product_tag?post=8656"}],"curies":[{"name":"wp","href":"https:\/\/api.w.org\/{rel}","templated":true}]}}