{"id":8657,"date":"2022-10-10T20:08:09","date_gmt":"2023-02-22T01:31:35","guid":{"rendered":"https:\/\/elasaro.com\/product\/bague-perle-peche-cabochon-ronde-argent-sterling\/"},"modified":"2023-08-09T12:59:06","modified_gmt":"2023-08-09T12:59:06","slug":"bague-perle-peche-cabochon-ronde-argent-sterling","status":"publish","type":"product","link":"https:\/\/elasaro.com\/fr\/produit\/bague-perle-peche-cabochon-ronde-argent-sterling\/","title":{"rendered":"Bague En Perle P\u00eache Cabochon Ronde Et En Argent Sterling"},"content":{"rendered":"<p>Vous \u00eates \u00e0 la recherche d&rsquo;une bague minimaliste mais tr\u00e8s joli ? Nous avons le mod\u00e8le parfait pour vous ! Cette magnifique bague avec une perle de couleur p\u00eache de 4.5~4mm p\u00e8se seulement 1.45gr. Elle est disponible en 3 tailles : 50, 54 et 56.<\/p>\n<p>C&rsquo;est l&rsquo;une de ces bagues \u00e0 la beaut\u00e9 discr\u00e8te qui se marient avec tout ! Vous pouvez cr\u00e9er un joli look f\u00e9minin, le porter avec une tenue d\u00e9contract\u00e9e ou m\u00eame opter pour une tenue plus chic.<\/p>\n<p>Outre leur aspect, les perles peuvent vous apporter de nombreux avantages. Ils peuvent renforcer la confiance en soi, am\u00e9liorer la m\u00e9moire et accro\u00eetre l&rsquo;intelligence.<\/p>\n<p>Cette bague est un must-have pour toute bo\u00eete \u00e0 bijoux ! Vous devriez \u00e9galement la compl\u00e9ter avec un bracelet, un collier ou des boucles d&rsquo;oreilles de notre collection.<\/p>\n","protected":false},"excerpt":{"rendered":"<p>Vous \u00eates \u00e0 la recherche d&rsquo;une bague minimaliste mais tr\u00e8s joli ? Nous avons le mod\u00e8le parfait pour vous ! Cette magnifique bague avec une perle de couleur p\u00eache de 4.5~4mm p\u00e8se seulement 1.45gr. Elle est disponible en 3 tailles : 50, 54 et 56. C&rsquo;est l&rsquo;une de ces bagues \u00e0 la beaut\u00e9 discr\u00e8te qui&#8230;<\/p>\n","protected":false},"featured_media":7337,"template":"","meta":{"rank_math_lock_modified_date":false},"product_cat":[1008,114,143,259],"product_tag":[],"class_list":{"0":"post-8657","1":"product","2":"type-product","3":"status-publish","4":"has-post-thumbnail","6":"product_cat-bagues-en-perles","7":"product_cat-bagues-pierre-naturelle","8":"product_cat-bijoux-en-perles","9":"product_cat-elasaro-favoris","11":"first","12":"instock","13":"shipping-taxable","14":"purchasable","15":"product-type-variable","16":"has-default-attributes"},"_links":{"self":[{"href":"https:\/\/elasaro.com\/fr\/wp-json\/wp\/v2\/product\/8657","targetHints":{"allow":["GET"]}}],"collection":[{"href":"https:\/\/elasaro.com\/fr\/wp-json\/wp\/v2\/product"}],"about":[{"href":"https:\/\/elasaro.com\/fr\/wp-json\/wp\/v2\/types\/product"}],"wp:featuredmedia":[{"embeddable":true,"href":"https:\/\/elasaro.com\/fr\/wp-json\/wp\/v2\/media\/7337"}],"wp:attachment":[{"href":"https:\/\/elasaro.com\/fr\/wp-json\/wp\/v2\/media?parent=8657"}],"wp:term":[{"taxonomy":"product_cat","embeddable":true,"href":"https:\/\/elasaro.com\/fr\/wp-json\/wp\/v2\/product_cat?post=8657"},{"taxonomy":"product_tag","embeddable":true,"href":"https:\/\/elasaro.com\/fr\/wp-json\/wp\/v2\/product_tag?post=8657"}],"curies":[{"name":"wp","href":"https:\/\/api.w.org\/{rel}","templated":true}]}}