{"id":8661,"date":"2022-10-10T18:33:22","date_gmt":"2023-02-22T01:38:24","guid":{"rendered":"https:\/\/elasaro.com\/product\/bague-ouverte-perle-noire-cabochon-ronde-argent-sterling-bande-reglable\/"},"modified":"2023-08-09T12:37:21","modified_gmt":"2023-08-09T12:37:21","slug":"bague-ouverte-perle-noire-cabochon-ronde-argent-sterling-bande-reglable","status":"publish","type":"product","link":"https:\/\/elasaro.com\/fr\/produit\/bague-ouverte-perle-noire-cabochon-ronde-argent-sterling-bande-reglable\/","title":{"rendered":"Bague Ouverte en Perle Noire Cabochon Ronde et en Argent Sterling &#8211; Bande R\u00e9glable"},"content":{"rendered":"<p>Mettez en avant votre style avec cette bague ouverte en perle et en argent sterling. Elle vient avec une belle perle cabochon ronde de 7~8 x 6,5~7mm et p\u00e8se seulement 3.10gr. La bague est disponible dans les tailles 50 \u00e0 56 et son design ouvert permet des ajustements pour un confort parfait.<\/p>\n<p>Elle combine un style original, minimaliste mais aussi accrocheur. C&rsquo;est une pi\u00e8ce qui va bien avec tout, que vous la portiez avec une tenue de soir\u00e9e \u00e9l\u00e9gante ou une jolie robe d&rsquo;\u00e9t\u00e9.<\/p>\n<p>Savez-vous que les experts pensent que la perle noire apporte abondance et fortune dans la vie de celui qui la porte ? En outre, elle prot\u00e8ge \u00e9galement contre les m\u00e9saventures et les accidents. En dehors de l&rsquo;apparence, elle vous fera b\u00e9n\u00e9ficier de nombreuses propri\u00e9t\u00e9s.<\/p>\n<p>Prenez v\u00f4tre bague d\u00e8s aujourd&rsquo;hui ! Vous pouvez \u00e9galement l&rsquo;associer \u00e0 un bracelet, un collier ou des boucles d&rsquo;oreilles de notre collection de perles.<\/p>\n","protected":false},"excerpt":{"rendered":"<p>Mettez en avant votre style avec cette bague ouverte en perle et en argent sterling. Elle vient avec une belle perle cabochon ronde de 7~8 x 6,5~7mm et p\u00e8se seulement 3.10gr. La bague est disponible dans les tailles 50 \u00e0 56 et son design ouvert permet des ajustements pour un confort parfait. Elle combine un&#8230;<\/p>\n","protected":false},"featured_media":7307,"template":"","meta":{"rank_math_lock_modified_date":false},"product_cat":[1008,114,143,259],"product_tag":[],"class_list":{"0":"post-8661","1":"product","2":"type-product","3":"status-publish","4":"has-post-thumbnail","6":"product_cat-bagues-en-perles","7":"product_cat-bagues-pierre-naturelle","8":"product_cat-bijoux-en-perles","9":"product_cat-elasaro-favoris","11":"first","12":"instock","13":"shipping-taxable","14":"purchasable","15":"product-type-variable","16":"has-default-attributes"},"_links":{"self":[{"href":"https:\/\/elasaro.com\/fr\/wp-json\/wp\/v2\/product\/8661","targetHints":{"allow":["GET"]}}],"collection":[{"href":"https:\/\/elasaro.com\/fr\/wp-json\/wp\/v2\/product"}],"about":[{"href":"https:\/\/elasaro.com\/fr\/wp-json\/wp\/v2\/types\/product"}],"wp:featuredmedia":[{"embeddable":true,"href":"https:\/\/elasaro.com\/fr\/wp-json\/wp\/v2\/media\/7307"}],"wp:attachment":[{"href":"https:\/\/elasaro.com\/fr\/wp-json\/wp\/v2\/media?parent=8661"}],"wp:term":[{"taxonomy":"product_cat","embeddable":true,"href":"https:\/\/elasaro.com\/fr\/wp-json\/wp\/v2\/product_cat?post=8661"},{"taxonomy":"product_tag","embeddable":true,"href":"https:\/\/elasaro.com\/fr\/wp-json\/wp\/v2\/product_tag?post=8661"}],"curies":[{"name":"wp","href":"https:\/\/api.w.org\/{rel}","templated":true}]}}