{"id":12050,"date":"2022-10-10T20:51:57","date_gmt":"2023-04-15T02:32:38","guid":{"rendered":"https:\/\/elasaro.com\/product\/ciondolo-bianco-arrotondato-madreperla-conchiglia-perline-argento-sterling-orecchini\/"},"modified":"2024-05-12T17:40:04","modified_gmt":"2024-05-12T17:40:04","slug":"ciondolo-bianco-arrotondato-madreperla-conchiglia-perline-argento-sterling-orecchini","status":"publish","type":"product","link":"https:\/\/elasaro.com\/it\/prodotto\/ciondolo-bianco-arrotondato-madreperla-conchiglia-perline-argento-sterling-orecchini\/","title":{"rendered":"Orecchini Pendenti con Perle di Conchiglia Madreperla Tonda Bianca con Argento Sterling"},"content":{"rendered":"<p>Amiamo questi orecchini di madreperla minimalisti e di classe. Sono realizzati in argento sterling e presentano perline di 12 mm. Misurano 32&#215;12 mm e pesano solo 6,37 grammi. La chiusura a leva impedisce agli orecchini di cadere.<\/p>\n<p>Dove si possono indossare questi splendidi orecchini? Si consiglia di abbinarli ad abiti da sera nei toni del bianco e del nero. Con questi orecchini optate per un look minimalista. Potete completare il look con una collana e un bracciale coordinati di Elasaro.<\/p>\n<p>La perla indica saggezza, coraggio e fede. \u00c8 una pietra di purezza che migliora anche l&#8217;accettazione di s\u00e9, porta forza alla situazione e fedelt\u00e0 a una causa.<\/p>\n<p>Dovreste averli nel vostro portagioie! Quindi prendete il vostro finch\u00e9 \u00e8 disponibile.<\/p>\n","protected":false},"excerpt":{"rendered":"<p>Amiamo questi orecchini di madreperla minimalisti e di classe. Sono realizzati in argento sterling e presentano perline di 12 mm. Misurano 32&#215;12 mm e pesano solo 6,37 grammi. La chiusura a leva impedisce agli orecchini di cadere. Dove si possono indossare questi splendidi orecchini? Si consiglia di abbinarli ad abiti da sera nei toni del&#8230;<\/p>\n","protected":false},"featured_media":7948,"template":"","meta":{"rank_math_lock_modified_date":false},"product_cat":[2008,2105,2007,1792,297,1882,101],"product_tag":[],"class_list":{"0":"post-12050","1":"product","2":"type-product","3":"status-publish","4":"has-post-thumbnail","6":"product_cat-orecchini-leva","7":"product_cat-orecchini-madreperla","8":"product_cat-orecchini-penzoloni","9":"product_cat-bianco-gioielli","10":"product_cat-gioielli-in-madreperla","11":"product_cat-orecchini-bianco","12":"product_cat-orecchini-pietre-naturali","14":"first","15":"instock","16":"shipping-taxable","17":"purchasable","18":"product-type-simple"},"_links":{"self":[{"href":"https:\/\/elasaro.com\/it\/wp-json\/wp\/v2\/product\/12050","targetHints":{"allow":["GET"]}}],"collection":[{"href":"https:\/\/elasaro.com\/it\/wp-json\/wp\/v2\/product"}],"about":[{"href":"https:\/\/elasaro.com\/it\/wp-json\/wp\/v2\/types\/product"}],"wp:featuredmedia":[{"embeddable":true,"href":"https:\/\/elasaro.com\/it\/wp-json\/wp\/v2\/media\/7948"}],"wp:attachment":[{"href":"https:\/\/elasaro.com\/it\/wp-json\/wp\/v2\/media?parent=12050"}],"wp:term":[{"taxonomy":"product_cat","embeddable":true,"href":"https:\/\/elasaro.com\/it\/wp-json\/wp\/v2\/product_cat?post=12050"},{"taxonomy":"product_tag","embeddable":true,"href":"https:\/\/elasaro.com\/it\/wp-json\/wp\/v2\/product_tag?post=12050"}],"curies":[{"name":"wp","href":"https:\/\/api.w.org\/{rel}","templated":true}]}}