{"id":12071,"date":"2022-10-15T19:35:04","date_gmt":"2023-04-15T03:26:44","guid":{"rendered":"https:\/\/elasaro.com\/product\/collana-labradorite-norvegese-grigia-rotonda-larvikite-argento-sterling\/"},"modified":"2024-05-12T17:40:18","modified_gmt":"2024-05-12T17:40:18","slug":"collana-labradorite-norvegese-grigia-rotonda-larvikite-argento-sterling","status":"publish","type":"product","link":"https:\/\/elasaro.com\/it\/prodotto\/collana-labradorite-norvegese-grigia-rotonda-larvikite-argento-sterling\/","title":{"rendered":"Collana in Labradorite Norvegese Grigia Rotonda (Larvikite) con Argento Sterling"},"content":{"rendered":"<p>La nostra collana di Labradorite norvegese grigia (Larvikite) \u00e8 una scelta eccellente se desiderate una collana sobria e di classe. Il peso di 57 grammi conferisce un&#8217;ottima sensazione al tatto. La collana \u00e8 lunga 40 cm con una catena in argento sterling regolabile di 4 cm e una chiusura a moschettone che la terr\u00e0 saldamente al suo posto.<\/p>\n<p>\u00c8 un pezzo straordinario che si abbina alla maggior parte degli outfit. Pu\u00f2 essere sottile e discreto o pi\u00f9 appariscente, a seconda dei colori con cui lo si abbina.<\/p>\n<p>La larvikite \u00e8 una gemma potente che \u00e8 un toccasana per le persone che attraversano momenti difficili. Significa saggezza, sicurezza e creativit\u00e0. Inoltre, allontana l&#8217;energia negativa e stimola la vitalit\u00e0.<\/p>\n<p>Acquistate il vostro pezzo oggi stesso prima che si esaurisca. Pensate di abbinare la collana a un bracciale, a un anello o a un paio di orecchini di labradorite della nostra collezione!<\/p>\n","protected":false},"excerpt":{"rendered":"<p>La nostra collana di Labradorite norvegese grigia (Larvikite) \u00e8 una scelta eccellente se desiderate una collana sobria e di classe. Il peso di 57 grammi conferisce un&#8217;ottima sensazione al tatto. La collana \u00e8 lunga 40 cm con una catena in argento sterling regolabile di 4 cm e una chiusura a moschettone che la terr\u00e0 saldamente&#8230;<\/p>\n","protected":false},"featured_media":9769,"template":"","meta":{"rank_math_lock_modified_date":false},"product_cat":[2601,2072,2054,105,1928,263,1778,216],"product_tag":[],"class_list":{"0":"post-12071","1":"product","2":"type-product","3":"status-publish","4":"has-post-thumbnail","6":"product_cat-collane-labradorite","7":"product_cat-collane-perline","8":"product_cat-collane-regolabile","9":"product_cat-collane-con-pietre-naturali","10":"product_cat-collane-grigio","11":"product_cat-elasaro-favoriti","12":"product_cat-grigio-gioielli","13":"product_cat-gioielli-labradorite","15":"first","16":"instock","17":"shipping-taxable","18":"purchasable","19":"product-type-simple"},"_links":{"self":[{"href":"https:\/\/elasaro.com\/it\/wp-json\/wp\/v2\/product\/12071","targetHints":{"allow":["GET"]}}],"collection":[{"href":"https:\/\/elasaro.com\/it\/wp-json\/wp\/v2\/product"}],"about":[{"href":"https:\/\/elasaro.com\/it\/wp-json\/wp\/v2\/types\/product"}],"wp:featuredmedia":[{"embeddable":true,"href":"https:\/\/elasaro.com\/it\/wp-json\/wp\/v2\/media\/9769"}],"wp:attachment":[{"href":"https:\/\/elasaro.com\/it\/wp-json\/wp\/v2\/media?parent=12071"}],"wp:term":[{"taxonomy":"product_cat","embeddable":true,"href":"https:\/\/elasaro.com\/it\/wp-json\/wp\/v2\/product_cat?post=12071"},{"taxonomy":"product_tag","embeddable":true,"href":"https:\/\/elasaro.com\/it\/wp-json\/wp\/v2\/product_tag?post=12071"}],"curies":[{"name":"wp","href":"https:\/\/api.w.org\/{rel}","templated":true}]}}