{"id":8559,"date":"2023-01-10T00:41:33","date_gmt":"2023-02-21T07:22:16","guid":{"rendered":"https:\/\/elasaro.com\/product\/pastello-rosa-tondo-sfaccettato-rodonite-lariat-argento-sterling-stardust-perline-collana\/"},"modified":"2024-05-12T17:40:07","modified_gmt":"2024-05-12T17:40:07","slug":"pastello-rosa-tondo-sfaccettato-rodonite-lariat-argento-sterling-stardust-perline-collana","status":"publish","type":"product","link":"https:\/\/elasaro.com\/it\/prodotto\/pastello-rosa-tondo-sfaccettato-rodonite-lariat-argento-sterling-stardust-perline-collana\/","title":{"rendered":"Collana Lariat Di Rodonite Sfaccettata Tonda Rosa Pastello Con Argento Sterling"},"content":{"rendered":"<p>Abbiamo assemblato questa bella collana di rodonite in stile Lariat. Presenta pietre rotonde sfaccettate di rodonite da 6 mm. Abbiamo aggiunto perle di polvere di stelle in argento sterling da 5 mm e maglie di catena sulla parte del ciondolo per renderlo ancora pi\u00f9 unico. La collana \u00e8 lunga 47 cm con una catena aggiuntiva regolabile di 4 cm. La lunghezza del ciondolo \u00e8 di 8 cm. Pesa 29,78 grammi ed \u00e8 dotato di una chiusura a moschettone che lo mantiene saldamente in posizione.<\/p>\n<p>Le pietre di rodonite rosa pastello sono di per s\u00e9 molto femminili. La combinazione del moderno design della collana a Y, delle pietre di rodonite e delle perle d&#8217;argento scintillanti, ci permette di ottenere una collana accattivante e sorprendente. La sua eleganza e semplicit\u00e0 lo rendono compatibile con diversi stili e colori.<\/p>\n<p>Si dice che la rodonite porti equilibrio emotivo. Promuove la forza mentale e protegge dall&#8217;energia negativa.<\/p>\n<p>Ogni donna ha bisogno di una collana a lariat nel proprio portagioie e questo pezzo \u00e8 un&#8217;ottima scelta. Potete anche completare il look con un bracciale di rodonite o un paio di orecchini di Elasaro.<\/p>\n","protected":false},"excerpt":{"rendered":"<p>Abbiamo assemblato questa bella collana di rodonite in stile Lariat. Presenta pietre rotonde sfaccettate di rodonite da 6 mm. Abbiamo aggiunto perle di polvere di stelle in argento sterling da 5 mm e maglie di catena sulla parte del ciondolo per renderlo ancora pi\u00f9 unico. La collana \u00e8 lunga 47 cm con una catena aggiuntiva&#8230;<\/p>\n","protected":false},"featured_media":5646,"template":"","meta":{"rank_math_lock_modified_date":false},"product_cat":[2127,2054,2597,105,1934,263,1784,266],"product_tag":[],"class_list":{"0":"post-8559","1":"product","2":"type-product","3":"status-publish","4":"has-post-thumbnail","6":"product_cat-collane-lariat","7":"product_cat-collane-regolabile","8":"product_cat-collane-rodonite","9":"product_cat-collane-con-pietre-naturali","10":"product_cat-collane-rosa","11":"product_cat-elasaro-favoriti","12":"product_cat-rosa-gioielli","13":"product_cat-gioielli-rodonite","15":"first","16":"instock","17":"shipping-taxable","18":"purchasable","19":"product-type-simple"},"_links":{"self":[{"href":"https:\/\/elasaro.com\/it\/wp-json\/wp\/v2\/product\/8559","targetHints":{"allow":["GET"]}}],"collection":[{"href":"https:\/\/elasaro.com\/it\/wp-json\/wp\/v2\/product"}],"about":[{"href":"https:\/\/elasaro.com\/it\/wp-json\/wp\/v2\/types\/product"}],"wp:featuredmedia":[{"embeddable":true,"href":"https:\/\/elasaro.com\/it\/wp-json\/wp\/v2\/media\/5646"}],"wp:attachment":[{"href":"https:\/\/elasaro.com\/it\/wp-json\/wp\/v2\/media?parent=8559"}],"wp:term":[{"taxonomy":"product_cat","embeddable":true,"href":"https:\/\/elasaro.com\/it\/wp-json\/wp\/v2\/product_cat?post=8559"},{"taxonomy":"product_tag","embeddable":true,"href":"https:\/\/elasaro.com\/it\/wp-json\/wp\/v2\/product_tag?post=8559"}],"curies":[{"name":"wp","href":"https:\/\/api.w.org\/{rel}","templated":true}]}}