{"id":8586,"date":"2023-01-09T19:08:47","date_gmt":"2023-02-21T07:23:22","guid":{"rendered":"https:\/\/elasaro.com\/product\/bracciale-blu-rotondo-grande-piccolo-turchese-argento-sterlina\/"},"modified":"2024-05-12T17:40:18","modified_gmt":"2024-05-12T17:40:18","slug":"bracciale-perline-turchese-blu-rotondo-multi-dimensione-argento-sterling","status":"publish","type":"product","link":"https:\/\/elasaro.com\/it\/prodotto\/bracciale-perline-turchese-blu-rotondo-multi-dimensione-argento-sterling\/","title":{"rendered":"Bracciale In Perline Di Turchese Blu Rotondo (Multi-Dimensione) Con Argento Sterling"},"content":{"rendered":"<p>Questo braccialetto di perline di turchese \u00e8 un gioiello classico e presenta una variet\u00e0 di pietre rotonde di turchese blu di 6, 8 e 10 mm. La lunghezza \u00e8 di 16,5 cm con una catena in argento regolabile di 4 cm e chiusura a moschettone. La catena regolabile permette di adattarlo perfettamente al polso. Il bracciale pesa 12,7 grammi.<\/p>\n<p>Si pu\u00f2 indossare per eventi speciali insieme a colori scuri o chiari. Farete un figurone e attirerete molti sguardi. Sarebbe perfetto anche per le occasioni casual con prendisole, giacche\/jeans di jeans o altri outfit semplici e rilassati. Optare per i gioielli in turchese \u00e8 sempre una buona scelta.<\/p>\n<p>Il turchese \u00e8 uno dei pietre pi\u00f9 utilizzati per i gioielli e porta fortuna e protezione a chi lo indossa. Il colore blu della pietra \u00e8 anche associato alla comunicazione e all&#8217;espressione di s\u00e9. Ha un aspetto splendido, molte propriet\u00e0 curative e non pu\u00f2 mancare in nessun portagioie.<\/p>\n<p>Non aspettate oltre, acquistate subito il vostro braccialetto! Potete anche completare il look con una collana turchese, un paio di orecchini e un anello della nostra collezione di turchesi.<\/p>\n","protected":false},"excerpt":{"rendered":"<p>Questo braccialetto di perline di turchese \u00e8 un gioiello classico e presenta una variet\u00e0 di pietre rotonde di turchese blu di 6, 8 e 10 mm. La lunghezza \u00e8 di 16,5 cm con una catena in argento regolabile di 4 cm e chiusura a moschettone. La catena regolabile permette di adattarlo perfettamente al polso. Il&#8230;<\/p>\n","protected":false},"featured_media":5588,"template":"","meta":{"rank_math_lock_modified_date":false},"product_cat":[2237,2239,2236,2121,2603,2022,2602,2156,2158,2155,2524,97,1830,1850,1770,1790,206],"product_tag":[],"class_list":{"0":"post-8586","1":"product","2":"type-product","3":"status-publish","4":"has-post-thumbnail","6":"product_cat-bracciali-capricorno-pietre-naturali","7":"product_cat-bracciali-pesci-pietre-naturali","8":"product_cat-bracciali-sagittario-pietre-naturali","9":"product_cat-bracciali-perline","10":"product_cat-bracciali-pietra-di-nascita-dicembre","11":"product_cat-bracciali-regolabile","12":"product_cat-bracciali-turchese","13":"product_cat-gioielli-capricorno-pietre-naturali","14":"product_cat-gioielli-pesci-pietre-naturali","15":"product_cat-gioielli-sagittario-pietre-naturali","16":"product_cat-gioielli-pietra-di-nascita-dicembre","17":"product_cat-bracciale-pietre-naturali","18":"product_cat-bracciali-blu","19":"product_cat-bracciali-teal-verde-acqua","20":"product_cat-blu-gioielli","21":"product_cat-teal-verde-acqua-gioielli","22":"product_cat-gioielli-turchese","24":"first","25":"outofstock","26":"shipping-taxable","27":"purchasable","28":"product-type-simple"},"_links":{"self":[{"href":"https:\/\/elasaro.com\/it\/wp-json\/wp\/v2\/product\/8586","targetHints":{"allow":["GET"]}}],"collection":[{"href":"https:\/\/elasaro.com\/it\/wp-json\/wp\/v2\/product"}],"about":[{"href":"https:\/\/elasaro.com\/it\/wp-json\/wp\/v2\/types\/product"}],"wp:featuredmedia":[{"embeddable":true,"href":"https:\/\/elasaro.com\/it\/wp-json\/wp\/v2\/media\/5588"}],"wp:attachment":[{"href":"https:\/\/elasaro.com\/it\/wp-json\/wp\/v2\/media?parent=8586"}],"wp:term":[{"taxonomy":"product_cat","embeddable":true,"href":"https:\/\/elasaro.com\/it\/wp-json\/wp\/v2\/product_cat?post=8586"},{"taxonomy":"product_tag","embeddable":true,"href":"https:\/\/elasaro.com\/it\/wp-json\/wp\/v2\/product_tag?post=8586"}],"curies":[{"name":"wp","href":"https:\/\/api.w.org\/{rel}","templated":true}]}}