{"id":8590,"date":"2023-01-08T23:51:06","date_gmt":"2023-02-21T07:24:49","guid":{"rendered":"https:\/\/elasaro.com\/product\/orecchini-a-cerchio-teardrop-sfaccettato-turchese-dangle-argento-sterlina\/"},"modified":"2024-05-12T17:40:01","modified_gmt":"2024-05-12T17:40:01","slug":"orecchini-cerchietto-turchese-blu-rotondo-sfaccettato-goccia-argento-sterling","status":"publish","type":"product","link":"https:\/\/elasaro.com\/it\/prodotto\/orecchini-cerchietto-turchese-blu-rotondo-sfaccettato-goccia-argento-sterling\/","title":{"rendered":"Orecchini A Cerchietto In Turchese Blu Rotondo E Sfaccettato A Goccia Con Argento Sterling"},"content":{"rendered":"<p>Questi orecchini a cerchio in turchese sono un&#8217;aggiunta straordinaria a qualsiasi collezione di gioielli. Gli orecchini presentano pietre turchesi rotonde di 4 mm e a goccia di 6&#215;10 mm, incastonate in argento sterling. La chiusura a leva assicura che gli orecchini rimangano saldamente al loro posto, mentre il pendente aggiunge un tocco di movimento al look complessivo. Ogni orecchino misura 45&#215;21 mm e pesa 4,2 grammi.<\/p>\n<p>I pietre blu turchese sono versatili e si abbinano alla maggior parte degli stili e dei colori di abbigliamento. Sono quindi perfetti per ogni occasione, sia per un evento formale che per una giornata informale. Il colore blu si abbina a qualsiasi guardaroba. Il design a cerchio \u00e8 tra i preferiti della nostra community e la combinazione unica di pietre rotonde e a goccia fa risaltare questi orecchini.<\/p>\n<p>Si ritiene che il turchese abbia propriet\u00e0 curative e sia spesso associato alla fortuna e alla prosperit\u00e0. Storicamente, \u00e8 stato utilizzato in gioielli e altri oggetti decorativi da molte culture antiche, tra cui gli Egizi e i nativi americani. Si dice che il turchese abbia anche propriet\u00e0 spirituali, che favorisca la comunicazione e l&#8217;espressione di s\u00e9 e che riequilibri le emozioni.<\/p>\n<p>Questi orecchini saranno sicuramente il pezzo forte dei vostri outfit. Fatevi un regalo, sarete felici della vostra scelta! Potete anche abbinarli a un bracciale, una collana e un anello in turchese di Elasaro.<\/p>\n","protected":false},"excerpt":{"rendered":"<p>Questi orecchini a cerchio in turchese sono un&#8217;aggiunta straordinaria a qualsiasi collezione di gioielli. Gli orecchini presentano pietre turchesi rotonde di 4 mm e a goccia di 6&#215;10 mm, incastonate in argento sterling. La chiusura a leva assicura che gli orecchini rimangano saldamente al loro posto, mentre il pendente aggiunge un tocco di movimento al&#8230;<\/p>\n","protected":false},"featured_media":5550,"template":"","meta":{"rank_math_lock_modified_date":false},"product_cat":[2156,2158,2155,2524,2006,2008,2205,2207,2204,2007,2596,2595,263,1770,1790,206,1860,1880,101],"product_tag":[],"class_list":{"0":"post-8590","1":"product","2":"type-product","3":"status-publish","4":"has-post-thumbnail","6":"product_cat-gioielli-capricorno-pietre-naturali","7":"product_cat-gioielli-pesci-pietre-naturali","8":"product_cat-gioielli-sagittario-pietre-naturali","9":"product_cat-gioielli-pietra-di-nascita-dicembre","10":"product_cat-orecchini-goccia","11":"product_cat-orecchini-leva","12":"product_cat-orecchini-capricorno-pietre-naturali","13":"product_cat-orecchini-pesci-pietre-naturali","14":"product_cat-orecchini-sagittario-pietre-naturali","15":"product_cat-orecchini-penzoloni","16":"product_cat-orecchini-pietra-di-nascita-dicembre","17":"product_cat-orecchini-turchese","18":"product_cat-elasaro-favoriti","19":"product_cat-blu-gioielli","20":"product_cat-teal-verde-acqua-gioielli","21":"product_cat-gioielli-turchese","22":"product_cat-orecchini-blu","23":"product_cat-orecchini-teal-verde-acqua","24":"product_cat-orecchini-pietre-naturali","26":"first","27":"instock","28":"shipping-taxable","29":"purchasable","30":"product-type-simple"},"_links":{"self":[{"href":"https:\/\/elasaro.com\/it\/wp-json\/wp\/v2\/product\/8590","targetHints":{"allow":["GET"]}}],"collection":[{"href":"https:\/\/elasaro.com\/it\/wp-json\/wp\/v2\/product"}],"about":[{"href":"https:\/\/elasaro.com\/it\/wp-json\/wp\/v2\/types\/product"}],"wp:featuredmedia":[{"embeddable":true,"href":"https:\/\/elasaro.com\/it\/wp-json\/wp\/v2\/media\/5550"}],"wp:attachment":[{"href":"https:\/\/elasaro.com\/it\/wp-json\/wp\/v2\/media?parent=8590"}],"wp:term":[{"taxonomy":"product_cat","embeddable":true,"href":"https:\/\/elasaro.com\/it\/wp-json\/wp\/v2\/product_cat?post=8590"},{"taxonomy":"product_tag","embeddable":true,"href":"https:\/\/elasaro.com\/it\/wp-json\/wp\/v2\/product_tag?post=8590"}],"curies":[{"name":"wp","href":"https:\/\/api.w.org\/{rel}","templated":true}]}}