{"id":8597,"date":"2022-10-10T20:28:42","date_gmt":"2023-02-21T07:28:26","guid":{"rendered":"https:\/\/elasaro.com\/product\/verde-rotondo-avventurina-pendente-zircone-cubico-argento-sterling-orecchini\/"},"modified":"2024-05-14T00:23:22","modified_gmt":"2024-05-14T00:23:22","slug":"verde-rotondo-avventurina-pendente-zircone-cubico-argento-sterling-orecchini","status":"publish","type":"product","link":"https:\/\/elasaro.com\/it\/prodotto\/verde-rotondo-avventurina-pendente-zircone-cubico-argento-sterling-orecchini\/","title":{"rendered":"Orecchini Pendenti In Avventurina Verde Con Cristalli Di Zirconia Cubica E Argento Sterling"},"content":{"rendered":"<p>Niente pu\u00f2 battere il fascino di questi orecchini pendenti di avventurina verde in stile cimelio. Sono realizzati in argento sterling e pesano solo 8,26 grammi. La splendida avventurina di 12 mm \u00e8 circondata da scintillanti pietre di zirconia cubica che aggiungono un tocco di brillantezza a questo elegante pezzo. La dimensione complessiva degli orecchini \u00e8 di 38&#215;12 mm, con un orecchino a gancio.<\/p>\n<p>Sono orecchini che si abbinano perfettamente ad abiti di classe. Potete completare il look con una collana e un bracciale abbinati della nostra collezione di gioielli in avventurina, in particolare con alcuni dei nostri splendidi pendenti. Un trucco discreto e un&#8217;acconciatura elegante accentueranno il look di classe e attireranno gli sguardi.<\/p>\n<p>Oltre ad avere un aspetto straordinario, l&#8217;avventurina \u00e8 nota per le sue incredibili propriet\u00e0 su chi la indossa. \u00c8 una gemma che guarisce il cuore e rafforza le qualit\u00e0 di leadership. Inoltre, aiuta ad alleviare l&#8217;emicrania e lenisce gli occhi.<\/p>\n<p>Non pu\u00f2 mancare nel tuo portagioie!<\/p>\n","protected":false},"excerpt":{"rendered":"<p>Niente pu\u00f2 battere il fascino di questi orecchini pendenti di avventurina verde in stile cimelio. Sono realizzati in argento sterling e pesano solo 8,26 grammi. La splendida avventurina di 12 mm \u00e8 circondata da scintillanti pietre di zirconia cubica che aggiungono un tocco di brillantezza a questo elegante pezzo. La dimensione complessiva degli orecchini \u00e8&#8230;<\/p>\n","protected":false},"featured_media":7491,"template":"","meta":{"rank_math_lock_modified_date":false},"product_cat":[2154,2586,2203,2007,263,198,1776,1866,101],"product_tag":[],"class_list":{"0":"post-8597","1":"product","2":"type-product","3":"status-publish","4":"has-post-thumbnail","6":"product_cat-gioielli-ariete-pietre-naturali","7":"product_cat-orecchini-avventurina","8":"product_cat-orecchini-ariete-pietre-naturali","9":"product_cat-orecchini-penzoloni","10":"product_cat-elasaro-favoriti","11":"product_cat-gioielli-avventurina","12":"product_cat-verde-gioielli","13":"product_cat-orecchini-verde","14":"product_cat-orecchini-pietre-naturali","16":"first","17":"instock","18":"shipping-taxable","19":"purchasable","20":"product-type-simple"},"_links":{"self":[{"href":"https:\/\/elasaro.com\/it\/wp-json\/wp\/v2\/product\/8597","targetHints":{"allow":["GET"]}}],"collection":[{"href":"https:\/\/elasaro.com\/it\/wp-json\/wp\/v2\/product"}],"about":[{"href":"https:\/\/elasaro.com\/it\/wp-json\/wp\/v2\/types\/product"}],"wp:featuredmedia":[{"embeddable":true,"href":"https:\/\/elasaro.com\/it\/wp-json\/wp\/v2\/media\/7491"}],"wp:attachment":[{"href":"https:\/\/elasaro.com\/it\/wp-json\/wp\/v2\/media?parent=8597"}],"wp:term":[{"taxonomy":"product_cat","embeddable":true,"href":"https:\/\/elasaro.com\/it\/wp-json\/wp\/v2\/product_cat?post=8597"},{"taxonomy":"product_tag","embeddable":true,"href":"https:\/\/elasaro.com\/it\/wp-json\/wp\/v2\/product_tag?post=8597"}],"curies":[{"name":"wp","href":"https:\/\/api.w.org\/{rel}","templated":true}]}}